{"id":4059,"date":"2024-03-11T12:39:32","date_gmt":"2024-03-11T11:39:32","guid":{"rendered":"https:\/\/www.centralcarta.it\/profipro\/"},"modified":"2024-03-11T12:40:53","modified_gmt":"2024-03-11T11:40:53","slug":"profipro","status":"publish","type":"page","link":"https:\/\/www.centralcarta.it\/fr\/profipro\/","title":{"rendered":"ProfiPro"},"content":{"rendered":"<p><strong>Un nouveau concept de papier.<\/strong><\/p>\n<p>ProfiPro est la ligne Centralcarta de produits de qualit\u00e9 fabriqu\u00e9s dans le respect de l\u2019environnement. Cette ligne professionnelle a \u00e9t\u00e9 cr\u00e9\u00e9e pour combiner la qualit\u00e9 \u00e9cologique avec les \u00e9conomies et pour proposer au client un produit efficace pour tous les besoins.<br \/>\nL\u2019ample gamme comprend des articles pour les diff\u00e9rents domaines d\u2019utilisation du secteur HORECA.<br \/>\nLa mati\u00e8re premi\u00e8re avec laquelle sont fabriqu\u00e9s les produits de la gamme est obtenue en r\u00e9cup\u00e9rant la cellulose non blanchie qui, en plus de g\u00e9n\u00e9rer la couleur caract\u00e9ristique, garantit une r\u00e9sistance et un pouvoir absorbant excellents.<br \/>\n<strong>La gamme ProfiPro est certifi\u00e9 Ecolabel et peut \u00eatre utilis\u00e9 en contact avec des aliments secs.<\/strong><\/p>\n","protected":false},"excerpt":{"rendered":"<p>Un nouveau concept de papier. ProfiPro est la ligne Centralcarta de produits de qualit\u00e9 fabriqu\u00e9s dans le respect&#8230;<\/p>\n","protected":false},"author":1,"featured_media":4051,"parent":0,"menu_order":0,"comment_status":"closed","ping_status":"closed","template":"page-brand.php","meta":{"_acf_changed":false,"footnotes":""},"class_list":["post-4059","page","type-page","status-publish","has-post-thumbnail","hentry"],"acf":[],"aioseo_notices":[],"_links":{"self":[{"href":"https:\/\/www.centralcarta.it\/fr\/wp-json\/wp\/v2\/pages\/4059","targetHints":{"allow":["GET"]}}],"collection":[{"href":"https:\/\/www.centralcarta.it\/fr\/wp-json\/wp\/v2\/pages"}],"about":[{"href":"https:\/\/www.centralcarta.it\/fr\/wp-json\/wp\/v2\/types\/page"}],"author":[{"embeddable":true,"href":"https:\/\/www.centralcarta.it\/fr\/wp-json\/wp\/v2\/users\/1"}],"replies":[{"embeddable":true,"href":"https:\/\/www.centralcarta.it\/fr\/wp-json\/wp\/v2\/comments?post=4059"}],"version-history":[{"count":1,"href":"https:\/\/www.centralcarta.it\/fr\/wp-json\/wp\/v2\/pages\/4059\/revisions"}],"predecessor-version":[{"id":4062,"href":"https:\/\/www.centralcarta.it\/fr\/wp-json\/wp\/v2\/pages\/4059\/revisions\/4062"}],"wp:featuredmedia":[{"embeddable":true,"href":"https:\/\/www.centralcarta.it\/fr\/wp-json\/wp\/v2\/media\/4051"}],"wp:attachment":[{"href":"https:\/\/www.centralcarta.it\/fr\/wp-json\/wp\/v2\/media?parent=4059"}],"curies":[{"name":"wp","href":"https:\/\/api.w.org\/{rel}","templated":true}]}}