{"id":3190,"date":"2021-05-24T17:22:11","date_gmt":"2021-05-24T15:22:11","guid":{"rendered":"https:\/\/www.centralcarta.it\/settori-away-from-home\/"},"modified":"2021-09-06T12:07:23","modified_gmt":"2021-09-06T10:07:23","slug":"secteurs-dutilisation-away-from-home","status":"publish","type":"page","link":"https:\/\/www.centralcarta.it\/fr\/secteurs-dutilisation-away-from-home\/","title":{"rendered":"Secteurs d&rsquo;utilisation Away from home"},"content":{"rendered":"<p><strong>Centralcarta<\/strong>, depuis plus de 15 ans apr\u00e8s le lancement de <strong>ClassEur<\/strong> sur le march\u00e9, offre des solutions fiables dans le secteur du nettoyage et de l\u2019hygi\u00e8ne, en proposant une large gamme de produits en papier tissu et de distributeurs.<\/p>\n<p><strong>R\u00e9sistance, pouvoir absorbant, douceur et volume<\/strong> : telles sont les caract\u00e9ristiques qui jouent un r\u00f4le d\u00e9terminant dans la qualit\u00e9 du produit fini.<\/p>\n<p>La <strong>qualit\u00e9<\/strong>, ainsi que la <strong>passion<\/strong> pour les produits en papier tissu et leur <strong>connaissance<\/strong>, ont toujours \u00e9t\u00e9 les principaux moteurs de Centralcarta.<\/p>\n<p><a title=\"Produits\" href=\"https:\/\/www.centralcarta.it\/fr\/prodotti-away-from-home\/\">Tous les produits<\/a><\/p>\n","protected":false},"excerpt":{"rendered":"<p>Centralcarta, depuis plus de 15 ans apr\u00e8s le lancement de ClassEur sur le march\u00e9, offre des solutions fiables&#8230;<\/p>\n","protected":false},"author":1,"featured_media":618,"parent":0,"menu_order":0,"comment_status":"closed","ping_status":"closed","template":"page-settori.php","meta":{"_acf_changed":false,"footnotes":""},"class_list":["post-3190","page","type-page","status-publish","has-post-thumbnail","hentry"],"acf":[],"aioseo_notices":[],"_links":{"self":[{"href":"https:\/\/www.centralcarta.it\/fr\/wp-json\/wp\/v2\/pages\/3190","targetHints":{"allow":["GET"]}}],"collection":[{"href":"https:\/\/www.centralcarta.it\/fr\/wp-json\/wp\/v2\/pages"}],"about":[{"href":"https:\/\/www.centralcarta.it\/fr\/wp-json\/wp\/v2\/types\/page"}],"author":[{"embeddable":true,"href":"https:\/\/www.centralcarta.it\/fr\/wp-json\/wp\/v2\/users\/1"}],"replies":[{"embeddable":true,"href":"https:\/\/www.centralcarta.it\/fr\/wp-json\/wp\/v2\/comments?post=3190"}],"version-history":[{"count":4,"href":"https:\/\/www.centralcarta.it\/fr\/wp-json\/wp\/v2\/pages\/3190\/revisions"}],"predecessor-version":[{"id":3203,"href":"https:\/\/www.centralcarta.it\/fr\/wp-json\/wp\/v2\/pages\/3190\/revisions\/3203"}],"wp:featuredmedia":[{"embeddable":true,"href":"https:\/\/www.centralcarta.it\/fr\/wp-json\/wp\/v2\/media\/618"}],"wp:attachment":[{"href":"https:\/\/www.centralcarta.it\/fr\/wp-json\/wp\/v2\/media?parent=3190"}],"curies":[{"name":"wp","href":"https:\/\/api.w.org\/{rel}","templated":true}]}}