{"id":2318,"date":"2021-03-29T12:34:34","date_gmt":"2021-03-29T10:34:34","guid":{"rendered":"https:\/\/www.centralcarta.it\/career\/"},"modified":"2021-05-25T10:31:34","modified_gmt":"2021-05-25T08:31:34","slug":"carriere","status":"publish","type":"page","link":"https:\/\/www.centralcarta.it\/fr\/carriere\/","title":{"rendered":"Carri\u00e8re"},"content":{"rendered":"<p>L\u2019entreprise consacre beaucoup de ressources \u00e0 la formation des personnes qui composent son \u00e9quipe\u00a0: un personnel comp\u00e9tent et motiv\u00e9 mis en mesure d&rsquo;exprimer et de manifester diff\u00e9rents talents et aptitudes. Cultiver et promouvoir les diff\u00e9rentes comp\u00e9tences professionnelles afin de garantir les normes de qualit\u00e9 \u00e9lev\u00e9es qui distinguent Centralcarta.<\/p>\n<p>Si vous voulez faire partie de ce projet, envoyez-nous votre candidature.<\/p>\n","protected":false},"excerpt":{"rendered":"<p>L\u2019entreprise consacre beaucoup de ressources \u00e0 la formation des personnes qui composent son \u00e9quipe\u00a0: un personnel comp\u00e9tent et&#8230;<\/p>\n","protected":false},"author":1,"featured_media":91,"parent":0,"menu_order":0,"comment_status":"closed","ping_status":"closed","template":"page-careers.php","meta":{"_acf_changed":false,"footnotes":""},"class_list":["post-2318","page","type-page","status-publish","has-post-thumbnail","hentry"],"acf":[],"aioseo_notices":[],"_links":{"self":[{"href":"https:\/\/www.centralcarta.it\/fr\/wp-json\/wp\/v2\/pages\/2318","targetHints":{"allow":["GET"]}}],"collection":[{"href":"https:\/\/www.centralcarta.it\/fr\/wp-json\/wp\/v2\/pages"}],"about":[{"href":"https:\/\/www.centralcarta.it\/fr\/wp-json\/wp\/v2\/types\/page"}],"author":[{"embeddable":true,"href":"https:\/\/www.centralcarta.it\/fr\/wp-json\/wp\/v2\/users\/1"}],"replies":[{"embeddable":true,"href":"https:\/\/www.centralcarta.it\/fr\/wp-json\/wp\/v2\/comments?post=2318"}],"version-history":[{"count":2,"href":"https:\/\/www.centralcarta.it\/fr\/wp-json\/wp\/v2\/pages\/2318\/revisions"}],"predecessor-version":[{"id":2379,"href":"https:\/\/www.centralcarta.it\/fr\/wp-json\/wp\/v2\/pages\/2318\/revisions\/2379"}],"wp:featuredmedia":[{"embeddable":true,"href":"https:\/\/www.centralcarta.it\/fr\/wp-json\/wp\/v2\/media\/91"}],"wp:attachment":[{"href":"https:\/\/www.centralcarta.it\/fr\/wp-json\/wp\/v2\/media?parent=2318"}],"curies":[{"name":"wp","href":"https:\/\/api.w.org\/{rel}","templated":true}]}}