{"id":2310,"date":"2021-03-25T16:05:04","date_gmt":"2021-03-25T15:05:04","guid":{"rendered":"https:\/\/www.centralcarta.it\/mother-reel\/"},"modified":"2021-05-25T10:59:24","modified_gmt":"2021-05-25T08:59:24","slug":"bobine-mere","status":"publish","type":"page","link":"https:\/\/www.centralcarta.it\/fr\/bobine-mere\/","title":{"rendered":"Bobine m\u00e8re"},"content":{"rendered":"<p><strong>ICF Industria Cartaria<\/strong> repr\u00e9sente sur le march\u00e9 l\u2019entreprise du <strong>groupe Centralcarta<\/strong> li\u00e9e \u00e0 la production de mati\u00e8res premi\u00e8res. La production de bobines m\u00e8res est une activit\u00e9 qui permet au Groupe de soutenir une production en aval caract\u00e9ris\u00e9e par une profonde diff\u00e9renciation technique des produits.<br \/>\nLa recherche constante des qualit\u00e9s distinctives du produit fini est un \u00e9l\u00e9ment caract\u00e9ristique d\u2019un groupe papetier int\u00e9gr\u00e9 particuli\u00e8rement flexible.<\/p>\n<p>Cela g\u00e9n\u00e8re des avantages importants, tant d\u2019un point de vue industriel que commercial.<\/p>\n","protected":false},"excerpt":{"rendered":"<p>ICF Industria Cartaria repr\u00e9sente sur le march\u00e9 l\u2019entreprise du groupe Centralcarta li\u00e9e \u00e0 la production de mati\u00e8res premi\u00e8res&#8230;.<\/p>\n","protected":false},"author":1,"featured_media":281,"parent":0,"menu_order":0,"comment_status":"closed","ping_status":"closed","template":"page-mother-reel.php","meta":{"_acf_changed":false,"footnotes":""},"class_list":["post-2310","page","type-page","status-publish","has-post-thumbnail","hentry"],"acf":{"photo_gallery":{"galleria":[[{"id":1015,"title":"g-cc-2","caption":"","full_image_url":"https:\/\/www.centralcarta.it\/wp-content\/uploads\/2021\/05\/g-cc-2.jpg","thumbnail_image_url":"https:\/\/www.centralcarta.it\/wp-content\/uploads\/2021\/05\/g-cc-2-150x150.jpg","large_srcset":"https:\/\/www.centralcarta.it\/wp-content\/uploads\/2021\/05\/g-cc-2-1024x576.jpg 1024w, https:\/\/www.centralcarta.it\/wp-content\/uploads\/2021\/05\/g-cc-2-622x350.jpg 622w, https:\/\/www.centralcarta.it\/wp-content\/uploads\/2021\/05\/g-cc-2-300x169.jpg 300w, https:\/\/www.centralcarta.it\/wp-content\/uploads\/2021\/05\/g-cc-2-768x432.jpg 768w, https:\/\/www.centralcarta.it\/wp-content\/uploads\/2021\/05\/g-cc-2.jpg 1440w","medium_srcset":"https:\/\/www.centralcarta.it\/wp-content\/uploads\/2021\/05\/g-cc-2-300x169.jpg 300w, https:\/\/www.centralcarta.it\/wp-content\/uploads\/2021\/05\/g-cc-2-622x350.jpg 622w, https:\/\/www.centralcarta.it\/wp-content\/uploads\/2021\/05\/g-cc-2-1024x576.jpg 1024w, https:\/\/www.centralcarta.it\/wp-content\/uploads\/2021\/05\/g-cc-2-768x432.jpg 768w, https:\/\/www.centralcarta.it\/wp-content\/uploads\/2021\/05\/g-cc-2.jpg 1440w","media_details":{"width":1440,"height":810,"sizes":{"woocommerce_thumbnail":{"file":"g-cc-2-376x376.jpg","width":376,"height":376,"mime-type":"image\/jpeg","filesize":40609,"uncropped":false,"source_url":"https:\/\/www.centralcarta.it\/wp-content\/uploads\/2021\/05\/g-cc-2-376x376.jpg"},"woocommerce_gallery_thumbnail":{"file":"g-cc-2-100x100.jpg","width":100,"height":100,"mime-type":"image\/jpeg","source_url":"https:\/\/www.centralcarta.it\/wp-content\/uploads\/2021\/05\/g-cc-2-100x100.jpg"},"woocommerce_single":{"file":"g-cc-2-622x350.jpg","width":622,"height":350,"mime-type":"image\/jpeg","source_url":"https:\/\/www.centralcarta.it\/wp-content\/uploads\/2021\/05\/g-cc-2-622x350.jpg"},"medium":{"file":"g-cc-2-300x169.jpg","width":300,"height":169,"mime-type":"image\/jpeg","source_url":"https:\/\/www.centralcarta.it\/wp-content\/uploads\/2021\/05\/g-cc-2-300x169.jpg"},"large":{"file":"g-cc-2-1024x576.jpg","width":1024,"height":576,"mime-type":"image\/jpeg","source_url":"https:\/\/www.centralcarta.it\/wp-content\/uploads\/2021\/05\/g-cc-2-1024x576.jpg"},"thumbnail":{"file":"g-cc-2-150x150.jpg","width":150,"height":150,"mime-type":"image\/jpeg","source_url":"https:\/\/www.centralcarta.it\/wp-content\/uploads\/2021\/05\/g-cc-2-150x150.jpg"},"medium_large":{"file":"g-cc-2-768x432.jpg","width":768,"height":432,"mime-type":"image\/jpeg","source_url":"https:\/\/www.centralcarta.it\/wp-content\/uploads\/2021\/05\/g-cc-2-768x432.jpg"}}},"alt_text":"","url":"","target":""},{"id":1018,"title":"g-cc-3","caption":"","full_image_url":"https:\/\/www.centralcarta.it\/wp-content\/uploads\/2021\/05\/g-cc-3.jpg","thumbnail_image_url":"https:\/\/www.centralcarta.it\/wp-content\/uploads\/2021\/05\/g-cc-3-150x150.jpg","large_srcset":"https:\/\/www.centralcarta.it\/wp-content\/uploads\/2021\/05\/g-cc-3-1024x576.jpg 1024w, https:\/\/www.centralcarta.it\/wp-content\/uploads\/2021\/05\/g-cc-3-622x350.jpg 622w, https:\/\/www.centralcarta.it\/wp-content\/uploads\/2021\/05\/g-cc-3-300x169.jpg 300w, https:\/\/www.centralcarta.it\/wp-content\/uploads\/2021\/05\/g-cc-3-768x432.jpg 768w, https:\/\/www.centralcarta.it\/wp-content\/uploads\/2021\/05\/g-cc-3.jpg 1440w","medium_srcset":"https:\/\/www.centralcarta.it\/wp-content\/uploads\/2021\/05\/g-cc-3-300x169.jpg 300w, https:\/\/www.centralcarta.it\/wp-content\/uploads\/2021\/05\/g-cc-3-622x350.jpg 622w, https:\/\/www.centralcarta.it\/wp-content\/uploads\/2021\/05\/g-cc-3-1024x576.jpg 1024w, https:\/\/www.centralcarta.it\/wp-content\/uploads\/2021\/05\/g-cc-3-768x432.jpg 768w, https:\/\/www.centralcarta.it\/wp-content\/uploads\/2021\/05\/g-cc-3.jpg 1440w","media_details":{"width":1440,"height":810,"sizes":{"woocommerce_thumbnail":{"file":"g-cc-3-376x376.jpg","width":376,"height":376,"mime-type":"image\/jpeg","filesize":30230,"uncropped":false,"source_url":"https:\/\/www.centralcarta.it\/wp-content\/uploads\/2021\/05\/g-cc-3-376x376.jpg"},"woocommerce_gallery_thumbnail":{"file":"g-cc-3-100x100.jpg","width":100,"height":100,"mime-type":"image\/jpeg","source_url":"https:\/\/www.centralcarta.it\/wp-content\/uploads\/2021\/05\/g-cc-3-100x100.jpg"},"woocommerce_single":{"file":"g-cc-3-622x350.jpg","width":622,"height":350,"mime-type":"image\/jpeg","source_url":"https:\/\/www.centralcarta.it\/wp-content\/uploads\/2021\/05\/g-cc-3-622x350.jpg"},"medium":{"file":"g-cc-3-300x169.jpg","width":300,"height":169,"mime-type":"image\/jpeg","source_url":"https:\/\/www.centralcarta.it\/wp-content\/uploads\/2021\/05\/g-cc-3-300x169.jpg"},"large":{"file":"g-cc-3-1024x576.jpg","width":1024,"height":576,"mime-type":"image\/jpeg","source_url":"https:\/\/www.centralcarta.it\/wp-content\/uploads\/2021\/05\/g-cc-3-1024x576.jpg"},"thumbnail":{"file":"g-cc-3-150x150.jpg","width":150,"height":150,"mime-type":"image\/jpeg","source_url":"https:\/\/www.centralcarta.it\/wp-content\/uploads\/2021\/05\/g-cc-3-150x150.jpg"},"medium_large":{"file":"g-cc-3-768x432.jpg","width":768,"height":432,"mime-type":"image\/jpeg","source_url":"https:\/\/www.centralcarta.it\/wp-content\/uploads\/2021\/05\/g-cc-3-768x432.jpg"}}},"alt_text":"","url":"","target":""},{"id":1021,"title":"g-cc-4","caption":"","full_image_url":"https:\/\/www.centralcarta.it\/wp-content\/uploads\/2021\/05\/g-cc-4.jpg","thumbnail_image_url":"https:\/\/www.centralcarta.it\/wp-content\/uploads\/2021\/05\/g-cc-4-150x150.jpg","large_srcset":"https:\/\/www.centralcarta.it\/wp-content\/uploads\/2021\/05\/g-cc-4-1024x576.jpg 1024w, https:\/\/www.centralcarta.it\/wp-content\/uploads\/2021\/05\/g-cc-4-622x350.jpg 622w, https:\/\/www.centralcarta.it\/wp-content\/uploads\/2021\/05\/g-cc-4-300x169.jpg 300w, https:\/\/www.centralcarta.it\/wp-content\/uploads\/2021\/05\/g-cc-4-768x432.jpg 768w, https:\/\/www.centralcarta.it\/wp-content\/uploads\/2021\/05\/g-cc-4.jpg 1440w","medium_srcset":"https:\/\/www.centralcarta.it\/wp-content\/uploads\/2021\/05\/g-cc-4-300x169.jpg 300w, https:\/\/www.centralcarta.it\/wp-content\/uploads\/2021\/05\/g-cc-4-622x350.jpg 622w, https:\/\/www.centralcarta.it\/wp-content\/uploads\/2021\/05\/g-cc-4-1024x576.jpg 1024w, https:\/\/www.centralcarta.it\/wp-content\/uploads\/2021\/05\/g-cc-4-768x432.jpg 768w, https:\/\/www.centralcarta.it\/wp-content\/uploads\/2021\/05\/g-cc-4.jpg 1440w","media_details":{"width":1440,"height":810,"sizes":{"woocommerce_thumbnail":{"file":"g-cc-4-376x376.jpg","width":376,"height":376,"mime-type":"image\/jpeg","filesize":23470,"uncropped":false,"source_url":"https:\/\/www.centralcarta.it\/wp-content\/uploads\/2021\/05\/g-cc-4-376x376.jpg"},"woocommerce_gallery_thumbnail":{"file":"g-cc-4-100x100.jpg","width":100,"height":100,"mime-type":"image\/jpeg","source_url":"https:\/\/www.centralcarta.it\/wp-content\/uploads\/2021\/05\/g-cc-4-100x100.jpg"},"woocommerce_single":{"file":"g-cc-4-622x350.jpg","width":622,"height":350,"mime-type":"image\/jpeg","source_url":"https:\/\/www.centralcarta.it\/wp-content\/uploads\/2021\/05\/g-cc-4-622x350.jpg"},"medium":{"file":"g-cc-4-300x169.jpg","width":300,"height":169,"mime-type":"image\/jpeg","source_url":"https:\/\/www.centralcarta.it\/wp-content\/uploads\/2021\/05\/g-cc-4-300x169.jpg"},"large":{"file":"g-cc-4-1024x576.jpg","width":1024,"height":576,"mime-type":"image\/jpeg","source_url":"https:\/\/www.centralcarta.it\/wp-content\/uploads\/2021\/05\/g-cc-4-1024x576.jpg"},"thumbnail":{"file":"g-cc-4-150x150.jpg","width":150,"height":150,"mime-type":"image\/jpeg","source_url":"https:\/\/www.centralcarta.it\/wp-content\/uploads\/2021\/05\/g-cc-4-150x150.jpg"},"medium_large":{"file":"g-cc-4-768x432.jpg","width":768,"height":432,"mime-type":"image\/jpeg","source_url":"https:\/\/www.centralcarta.it\/wp-content\/uploads\/2021\/05\/g-cc-4-768x432.jpg"}}},"alt_text":"","url":"","target":""},{"id":1024,"title":"g-cc-5","caption":"","full_image_url":"https:\/\/www.centralcarta.it\/wp-content\/uploads\/2021\/05\/g-cc-5.jpg","thumbnail_image_url":"https:\/\/www.centralcarta.it\/wp-content\/uploads\/2021\/05\/g-cc-5-150x150.jpg","large_srcset":"https:\/\/www.centralcarta.it\/wp-content\/uploads\/2021\/05\/g-cc-5-1024x576.jpg 1024w, https:\/\/www.centralcarta.it\/wp-content\/uploads\/2021\/05\/g-cc-5-622x350.jpg 622w, https:\/\/www.centralcarta.it\/wp-content\/uploads\/2021\/05\/g-cc-5-300x169.jpg 300w, https:\/\/www.centralcarta.it\/wp-content\/uploads\/2021\/05\/g-cc-5-768x432.jpg 768w, https:\/\/www.centralcarta.it\/wp-content\/uploads\/2021\/05\/g-cc-5.jpg 1440w","medium_srcset":"https:\/\/www.centralcarta.it\/wp-content\/uploads\/2021\/05\/g-cc-5-300x169.jpg 300w, https:\/\/www.centralcarta.it\/wp-content\/uploads\/2021\/05\/g-cc-5-622x350.jpg 622w, https:\/\/www.centralcarta.it\/wp-content\/uploads\/2021\/05\/g-cc-5-1024x576.jpg 1024w, https:\/\/www.centralcarta.it\/wp-content\/uploads\/2021\/05\/g-cc-5-768x432.jpg 768w, https:\/\/www.centralcarta.it\/wp-content\/uploads\/2021\/05\/g-cc-5.jpg 1440w","media_details":{"width":1440,"height":810,"sizes":{"woocommerce_thumbnail":{"file":"g-cc-5-376x376.jpg","width":376,"height":376,"mime-type":"image\/jpeg","filesize":28983,"uncropped":false,"source_url":"https:\/\/www.centralcarta.it\/wp-content\/uploads\/2021\/05\/g-cc-5-376x376.jpg"},"woocommerce_gallery_thumbnail":{"file":"g-cc-5-100x100.jpg","width":100,"height":100,"mime-type":"image\/jpeg","source_url":"https:\/\/www.centralcarta.it\/wp-content\/uploads\/2021\/05\/g-cc-5-100x100.jpg"},"woocommerce_single":{"file":"g-cc-5-622x350.jpg","width":622,"height":350,"mime-type":"image\/jpeg","source_url":"https:\/\/www.centralcarta.it\/wp-content\/uploads\/2021\/05\/g-cc-5-622x350.jpg"},"medium":{"file":"g-cc-5-300x169.jpg","width":300,"height":169,"mime-type":"image\/jpeg","source_url":"https:\/\/www.centralcarta.it\/wp-content\/uploads\/2021\/05\/g-cc-5-300x169.jpg"},"large":{"file":"g-cc-5-1024x576.jpg","width":1024,"height":576,"mime-type":"image\/jpeg","source_url":"https:\/\/www.centralcarta.it\/wp-content\/uploads\/2021\/05\/g-cc-5-1024x576.jpg"},"thumbnail":{"file":"g-cc-5-150x150.jpg","width":150,"height":150,"mime-type":"image\/jpeg","source_url":"https:\/\/www.centralcarta.it\/wp-content\/uploads\/2021\/05\/g-cc-5-150x150.jpg"},"medium_large":{"file":"g-cc-5-768x432.jpg","width":768,"height":432,"mime-type":"image\/jpeg","source_url":"https:\/\/www.centralcarta.it\/wp-content\/uploads\/2021\/05\/g-cc-5-768x432.jpg"}}},"alt_text":"","url":"","target":""},{"id":1027,"title":"g-cc-6","caption":"","full_image_url":"https:\/\/www.centralcarta.it\/wp-content\/uploads\/2021\/05\/g-cc-6.jpg","thumbnail_image_url":"https:\/\/www.centralcarta.it\/wp-content\/uploads\/2021\/05\/g-cc-6-150x150.jpg","large_srcset":"https:\/\/www.centralcarta.it\/wp-content\/uploads\/2021\/05\/g-cc-6-1024x576.jpg 1024w, https:\/\/www.centralcarta.it\/wp-content\/uploads\/2021\/05\/g-cc-6-622x350.jpg 622w, https:\/\/www.centralcarta.it\/wp-content\/uploads\/2021\/05\/g-cc-6-300x169.jpg 300w, https:\/\/www.centralcarta.it\/wp-content\/uploads\/2021\/05\/g-cc-6-768x432.jpg 768w, https:\/\/www.centralcarta.it\/wp-content\/uploads\/2021\/05\/g-cc-6.jpg 1440w","medium_srcset":"https:\/\/www.centralcarta.it\/wp-content\/uploads\/2021\/05\/g-cc-6-300x169.jpg 300w, https:\/\/www.centralcarta.it\/wp-content\/uploads\/2021\/05\/g-cc-6-622x350.jpg 622w, https:\/\/www.centralcarta.it\/wp-content\/uploads\/2021\/05\/g-cc-6-1024x576.jpg 1024w, https:\/\/www.centralcarta.it\/wp-content\/uploads\/2021\/05\/g-cc-6-768x432.jpg 768w, https:\/\/www.centralcarta.it\/wp-content\/uploads\/2021\/05\/g-cc-6.jpg 1440w","media_details":{"width":1440,"height":810,"sizes":{"woocommerce_thumbnail":{"file":"g-cc-6-376x376.jpg","width":376,"height":376,"mime-type":"image\/jpeg","filesize":30023,"uncropped":false,"source_url":"https:\/\/www.centralcarta.it\/wp-content\/uploads\/2021\/05\/g-cc-6-376x376.jpg"},"woocommerce_gallery_thumbnail":{"file":"g-cc-6-100x100.jpg","width":100,"height":100,"mime-type":"image\/jpeg","source_url":"https:\/\/www.centralcarta.it\/wp-content\/uploads\/2021\/05\/g-cc-6-100x100.jpg"},"woocommerce_single":{"file":"g-cc-6-622x350.jpg","width":622,"height":350,"mime-type":"image\/jpeg","source_url":"https:\/\/www.centralcarta.it\/wp-content\/uploads\/2021\/05\/g-cc-6-622x350.jpg"},"medium":{"file":"g-cc-6-300x169.jpg","width":300,"height":169,"mime-type":"image\/jpeg","source_url":"https:\/\/www.centralcarta.it\/wp-content\/uploads\/2021\/05\/g-cc-6-300x169.jpg"},"large":{"file":"g-cc-6-1024x576.jpg","width":1024,"height":576,"mime-type":"image\/jpeg","source_url":"https:\/\/www.centralcarta.it\/wp-content\/uploads\/2021\/05\/g-cc-6-1024x576.jpg"},"thumbnail":{"file":"g-cc-6-150x150.jpg","width":150,"height":150,"mime-type":"image\/jpeg","source_url":"https:\/\/www.centralcarta.it\/wp-content\/uploads\/2021\/05\/g-cc-6-150x150.jpg"},"medium_large":{"file":"g-cc-6-768x432.jpg","width":768,"height":432,"mime-type":"image\/jpeg","source_url":"https:\/\/www.centralcarta.it\/wp-content\/uploads\/2021\/05\/g-cc-6-768x432.jpg"}}},"alt_text":"","url":"","target":""},{"id":1030,"title":"g-cc-7","caption":"","full_image_url":"https:\/\/www.centralcarta.it\/wp-content\/uploads\/2021\/05\/g-cc-7.jpg","thumbnail_image_url":"https:\/\/www.centralcarta.it\/wp-content\/uploads\/2021\/05\/g-cc-7-150x150.jpg","large_srcset":"https:\/\/www.centralcarta.it\/wp-content\/uploads\/2021\/05\/g-cc-7-1024x576.jpg 1024w, https:\/\/www.centralcarta.it\/wp-content\/uploads\/2021\/05\/g-cc-7-622x350.jpg 622w, https:\/\/www.centralcarta.it\/wp-content\/uploads\/2021\/05\/g-cc-7-300x169.jpg 300w, https:\/\/www.centralcarta.it\/wp-content\/uploads\/2021\/05\/g-cc-7-768x432.jpg 768w, https:\/\/www.centralcarta.it\/wp-content\/uploads\/2021\/05\/g-cc-7.jpg 1440w","medium_srcset":"https:\/\/www.centralcarta.it\/wp-content\/uploads\/2021\/05\/g-cc-7-300x169.jpg 300w, https:\/\/www.centralcarta.it\/wp-content\/uploads\/2021\/05\/g-cc-7-622x350.jpg 622w, https:\/\/www.centralcarta.it\/wp-content\/uploads\/2021\/05\/g-cc-7-1024x576.jpg 1024w, https:\/\/www.centralcarta.it\/wp-content\/uploads\/2021\/05\/g-cc-7-768x432.jpg 768w, https:\/\/www.centralcarta.it\/wp-content\/uploads\/2021\/05\/g-cc-7.jpg 1440w","media_details":{"width":1440,"height":810,"sizes":{"woocommerce_thumbnail":{"file":"g-cc-7-376x376.jpg","width":376,"height":376,"mime-type":"image\/jpeg","filesize":32587,"uncropped":false,"source_url":"https:\/\/www.centralcarta.it\/wp-content\/uploads\/2021\/05\/g-cc-7-376x376.jpg"},"woocommerce_gallery_thumbnail":{"file":"g-cc-7-100x100.jpg","width":100,"height":100,"mime-type":"image\/jpeg","source_url":"https:\/\/www.centralcarta.it\/wp-content\/uploads\/2021\/05\/g-cc-7-100x100.jpg"},"woocommerce_single":{"file":"g-cc-7-622x350.jpg","width":622,"height":350,"mime-type":"image\/jpeg","source_url":"https:\/\/www.centralcarta.it\/wp-content\/uploads\/2021\/05\/g-cc-7-622x350.jpg"},"medium":{"file":"g-cc-7-300x169.jpg","width":300,"height":169,"mime-type":"image\/jpeg","source_url":"https:\/\/www.centralcarta.it\/wp-content\/uploads\/2021\/05\/g-cc-7-300x169.jpg"},"large":{"file":"g-cc-7-1024x576.jpg","width":1024,"height":576,"mime-type":"image\/jpeg","source_url":"https:\/\/www.centralcarta.it\/wp-content\/uploads\/2021\/05\/g-cc-7-1024x576.jpg"},"thumbnail":{"file":"g-cc-7-150x150.jpg","width":150,"height":150,"mime-type":"image\/jpeg","source_url":"https:\/\/www.centralcarta.it\/wp-content\/uploads\/2021\/05\/g-cc-7-150x150.jpg"},"medium_large":{"file":"g-cc-7-768x432.jpg","width":768,"height":432,"mime-type":"image\/jpeg","source_url":"https:\/\/www.centralcarta.it\/wp-content\/uploads\/2021\/05\/g-cc-7-768x432.jpg"}}},"alt_text":"","url":"","target":""},{"id":1033,"title":"g-cc-8","caption":"","full_image_url":"https:\/\/www.centralcarta.it\/wp-content\/uploads\/2021\/05\/g-cc-8.jpg","thumbnail_image_url":"https:\/\/www.centralcarta.it\/wp-content\/uploads\/2021\/05\/g-cc-8-150x150.jpg","large_srcset":"https:\/\/www.centralcarta.it\/wp-content\/uploads\/2021\/05\/g-cc-8-1024x576.jpg 1024w, https:\/\/www.centralcarta.it\/wp-content\/uploads\/2021\/05\/g-cc-8-622x350.jpg 622w, https:\/\/www.centralcarta.it\/wp-content\/uploads\/2021\/05\/g-cc-8-300x169.jpg 300w, https:\/\/www.centralcarta.it\/wp-content\/uploads\/2021\/05\/g-cc-8-768x432.jpg 768w, https:\/\/www.centralcarta.it\/wp-content\/uploads\/2021\/05\/g-cc-8.jpg 1440w","medium_srcset":"https:\/\/www.centralcarta.it\/wp-content\/uploads\/2021\/05\/g-cc-8-300x169.jpg 300w, https:\/\/www.centralcarta.it\/wp-content\/uploads\/2021\/05\/g-cc-8-622x350.jpg 622w, https:\/\/www.centralcarta.it\/wp-content\/uploads\/2021\/05\/g-cc-8-1024x576.jpg 1024w, https:\/\/www.centralcarta.it\/wp-content\/uploads\/2021\/05\/g-cc-8-768x432.jpg 768w, https:\/\/www.centralcarta.it\/wp-content\/uploads\/2021\/05\/g-cc-8.jpg 1440w","media_details":{"width":1440,"height":810,"sizes":{"woocommerce_thumbnail":{"file":"g-cc-8-376x376.jpg","width":376,"height":376,"mime-type":"image\/jpeg","filesize":22452,"uncropped":false,"source_url":"https:\/\/www.centralcarta.it\/wp-content\/uploads\/2021\/05\/g-cc-8-376x376.jpg"},"woocommerce_gallery_thumbnail":{"file":"g-cc-8-100x100.jpg","width":100,"height":100,"mime-type":"image\/jpeg","source_url":"https:\/\/www.centralcarta.it\/wp-content\/uploads\/2021\/05\/g-cc-8-100x100.jpg"},"woocommerce_single":{"file":"g-cc-8-622x350.jpg","width":622,"height":350,"mime-type":"image\/jpeg","source_url":"https:\/\/www.centralcarta.it\/wp-content\/uploads\/2021\/05\/g-cc-8-622x350.jpg"},"medium":{"file":"g-cc-8-300x169.jpg","width":300,"height":169,"mime-type":"image\/jpeg","source_url":"https:\/\/www.centralcarta.it\/wp-content\/uploads\/2021\/05\/g-cc-8-300x169.jpg"},"large":{"file":"g-cc-8-1024x576.jpg","width":1024,"height":576,"mime-type":"image\/jpeg","source_url":"https:\/\/www.centralcarta.it\/wp-content\/uploads\/2021\/05\/g-cc-8-1024x576.jpg"},"thumbnail":{"file":"g-cc-8-150x150.jpg","width":150,"height":150,"mime-type":"image\/jpeg","source_url":"https:\/\/www.centralcarta.it\/wp-content\/uploads\/2021\/05\/g-cc-8-150x150.jpg"},"medium_large":{"file":"g-cc-8-768x432.jpg","width":768,"height":432,"mime-type":"image\/jpeg","source_url":"https:\/\/www.centralcarta.it\/wp-content\/uploads\/2021\/05\/g-cc-8-768x432.jpg"}}},"alt_text":"","url":"","target":""},{"id":1036,"title":"g-cc-9","caption":"","full_image_url":"https:\/\/www.centralcarta.it\/wp-content\/uploads\/2021\/05\/g-cc-9.jpg","thumbnail_image_url":"https:\/\/www.centralcarta.it\/wp-content\/uploads\/2021\/05\/g-cc-9-150x150.jpg","large_srcset":"https:\/\/www.centralcarta.it\/wp-content\/uploads\/2021\/05\/g-cc-9-1024x576.jpg 1024w, https:\/\/www.centralcarta.it\/wp-content\/uploads\/2021\/05\/g-cc-9-622x350.jpg 622w, https:\/\/www.centralcarta.it\/wp-content\/uploads\/2021\/05\/g-cc-9-300x169.jpg 300w, https:\/\/www.centralcarta.it\/wp-content\/uploads\/2021\/05\/g-cc-9-768x432.jpg 768w, https:\/\/www.centralcarta.it\/wp-content\/uploads\/2021\/05\/g-cc-9.jpg 1440w","medium_srcset":"https:\/\/www.centralcarta.it\/wp-content\/uploads\/2021\/05\/g-cc-9-300x169.jpg 300w, https:\/\/www.centralcarta.it\/wp-content\/uploads\/2021\/05\/g-cc-9-622x350.jpg 622w, https:\/\/www.centralcarta.it\/wp-content\/uploads\/2021\/05\/g-cc-9-1024x576.jpg 1024w, https:\/\/www.centralcarta.it\/wp-content\/uploads\/2021\/05\/g-cc-9-768x432.jpg 768w, https:\/\/www.centralcarta.it\/wp-content\/uploads\/2021\/05\/g-cc-9.jpg 1440w","media_details":{"width":1440,"height":810,"sizes":{"woocommerce_thumbnail":{"file":"g-cc-9-376x376.jpg","width":376,"height":376,"mime-type":"image\/jpeg","filesize":13316,"uncropped":false,"source_url":"https:\/\/www.centralcarta.it\/wp-content\/uploads\/2021\/05\/g-cc-9-376x376.jpg"},"woocommerce_gallery_thumbnail":{"file":"g-cc-9-100x100.jpg","width":100,"height":100,"mime-type":"image\/jpeg","source_url":"https:\/\/www.centralcarta.it\/wp-content\/uploads\/2021\/05\/g-cc-9-100x100.jpg"},"woocommerce_single":{"file":"g-cc-9-622x350.jpg","width":622,"height":350,"mime-type":"image\/jpeg","source_url":"https:\/\/www.centralcarta.it\/wp-content\/uploads\/2021\/05\/g-cc-9-622x350.jpg"},"medium":{"file":"g-cc-9-300x169.jpg","width":300,"height":169,"mime-type":"image\/jpeg","source_url":"https:\/\/www.centralcarta.it\/wp-content\/uploads\/2021\/05\/g-cc-9-300x169.jpg"},"large":{"file":"g-cc-9-1024x576.jpg","width":1024,"height":576,"mime-type":"image\/jpeg","source_url":"https:\/\/www.centralcarta.it\/wp-content\/uploads\/2021\/05\/g-cc-9-1024x576.jpg"},"thumbnail":{"file":"g-cc-9-150x150.jpg","width":150,"height":150,"mime-type":"image\/jpeg","source_url":"https:\/\/www.centralcarta.it\/wp-content\/uploads\/2021\/05\/g-cc-9-150x150.jpg"},"medium_large":{"file":"g-cc-9-768x432.jpg","width":768,"height":432,"mime-type":"image\/jpeg","source_url":"https:\/\/www.centralcarta.it\/wp-content\/uploads\/2021\/05\/g-cc-9-768x432.jpg"}}},"alt_text":"","url":"","target":""}]]}},"aioseo_notices":[],"_links":{"self":[{"href":"https:\/\/www.centralcarta.it\/fr\/wp-json\/wp\/v2\/pages\/2310","targetHints":{"allow":["GET"]}}],"collection":[{"href":"https:\/\/www.centralcarta.it\/fr\/wp-json\/wp\/v2\/pages"}],"about":[{"href":"https:\/\/www.centralcarta.it\/fr\/wp-json\/wp\/v2\/types\/page"}],"author":[{"embeddable":true,"href":"https:\/\/www.centralcarta.it\/fr\/wp-json\/wp\/v2\/users\/1"}],"replies":[{"embeddable":true,"href":"https:\/\/www.centralcarta.it\/fr\/wp-json\/wp\/v2\/comments?post=2310"}],"version-history":[{"count":2,"href":"https:\/\/www.centralcarta.it\/fr\/wp-json\/wp\/v2\/pages\/2310\/revisions"}],"predecessor-version":[{"id":2383,"href":"https:\/\/www.centralcarta.it\/fr\/wp-json\/wp\/v2\/pages\/2310\/revisions\/2383"}],"wp:featuredmedia":[{"embeddable":true,"href":"https:\/\/www.centralcarta.it\/fr\/wp-json\/wp\/v2\/media\/281"}],"wp:attachment":[{"href":"https:\/\/www.centralcarta.it\/fr\/wp-json\/wp\/v2\/media?parent=2310"}],"curies":[{"name":"wp","href":"https:\/\/api.w.org\/{rel}","templated":true}]}}