{"id":4012,"date":"2024-03-11T12:26:18","date_gmt":"2024-03-11T11:26:18","guid":{"rendered":"https:\/\/www.centralcarta.it\/classeur\/"},"modified":"2024-03-11T12:28:59","modified_gmt":"2024-03-11T11:28:59","slug":"classeur","status":"publish","type":"page","link":"https:\/\/www.centralcarta.it\/de\/classeur\/","title":{"rendered":"ClassEur"},"content":{"rendered":"<p><strong>Die historische marke von centralcarta.<\/strong><\/p>\n<p>ClassEur, die historische Marke von Centralcarta, verk\u00f6rpert Exzellenz in der Papierproduktion. Jedes Produkt ist ein Zeugnis des anhaltenden Engagements, h\u00f6chste Qualit\u00e4t zu liefern. ClassEur-Referenzen decken alle typischen Anforderungen des Away from Home-Marktes ab und haben im Laufe der Jahre hohe Standards aufrechterhalten, die die Marke in der Branche respektiert machen. ClassEur von Centralcarta repr\u00e4sentiert nicht nur eine Produktpalette, sondern auch eine Geschichte von Hingabe und Qualit\u00e4t.<\/p>\n","protected":false},"excerpt":{"rendered":"<p>Die historische marke von centralcarta. ClassEur, die historische Marke von Centralcarta, verk\u00f6rpert Exzellenz in der Papierproduktion. Jedes Produkt&#8230;<\/p>\n","protected":false},"author":1,"featured_media":4008,"parent":0,"menu_order":0,"comment_status":"closed","ping_status":"closed","template":"page-brand.php","meta":{"_acf_changed":false,"footnotes":""},"class_list":["post-4012","page","type-page","status-publish","has-post-thumbnail","hentry"],"acf":[],"aioseo_notices":[],"_links":{"self":[{"href":"https:\/\/www.centralcarta.it\/de\/wp-json\/wp\/v2\/pages\/4012","targetHints":{"allow":["GET"]}}],"collection":[{"href":"https:\/\/www.centralcarta.it\/de\/wp-json\/wp\/v2\/pages"}],"about":[{"href":"https:\/\/www.centralcarta.it\/de\/wp-json\/wp\/v2\/types\/page"}],"author":[{"embeddable":true,"href":"https:\/\/www.centralcarta.it\/de\/wp-json\/wp\/v2\/users\/1"}],"replies":[{"embeddable":true,"href":"https:\/\/www.centralcarta.it\/de\/wp-json\/wp\/v2\/comments?post=4012"}],"version-history":[{"count":1,"href":"https:\/\/www.centralcarta.it\/de\/wp-json\/wp\/v2\/pages\/4012\/revisions"}],"predecessor-version":[{"id":4015,"href":"https:\/\/www.centralcarta.it\/de\/wp-json\/wp\/v2\/pages\/4012\/revisions\/4015"}],"wp:featuredmedia":[{"embeddable":true,"href":"https:\/\/www.centralcarta.it\/de\/wp-json\/wp\/v2\/media\/4008"}],"wp:attachment":[{"href":"https:\/\/www.centralcarta.it\/de\/wp-json\/wp\/v2\/media?parent=4012"}],"curies":[{"name":"wp","href":"https:\/\/api.w.org\/{rel}","templated":true}]}}