{"id":3191,"date":"2021-05-24T17:22:11","date_gmt":"2021-05-24T15:22:11","guid":{"rendered":"https:\/\/www.centralcarta.it\/settori-away-from-home\/"},"modified":"2021-09-06T12:24:49","modified_gmt":"2021-09-06T10:24:49","slug":"anwendungsbereiche-away-from-home","status":"publish","type":"page","link":"https:\/\/www.centralcarta.it\/de\/anwendungsbereiche-away-from-home\/","title":{"rendered":"Anwendungsbereiche Away from home"},"content":{"rendered":"<p><strong>Centralcarte<\/strong> bietet seit der Markteinf\u00fchrung von <strong>ClassEur<\/strong> vor \u00fcber 15 Jahren mit einer breiten Palette an Produkten aus Zellstoffpapier und Spendern zuverl\u00e4ssige L\u00f6sungen f\u00fcr die Reinigungs- und Hygienebranche an.<\/p>\n<p>Best\u00e4ndigkeit, Saugf\u00e4higkeit, Weichheit und Volumen: Diese Eigenschaften spielen eine entscheidende Rolle f\u00fcr die Qualit\u00e4t des Endprodukts.<\/p>\n<p>Qualit\u00e4t, zusammen mit der Leidenschaft und dem Wissen \u00fcber Zellstoffprodukte, waren schon immer die Hauptantriebe von Centralcarta. Centralcarta bietet seit \u00fcber 15 Jahren seit der Markteinf\u00fchrung von ClassEur zuverl\u00e4ssige L\u00f6sungen im Reinigungs- und Hygienesektor mit einer breiten Palette von Zellstoffprodukten und -spendern.<\/p>\n<p><a title=\"Produkte\" href=\"https:\/\/www.centralcarta.it\/de\/prodotti-away-from-home\/\">Alle Produkte<\/a><\/p>\n","protected":false},"excerpt":{"rendered":"<p>Centralcarte bietet seit der Markteinf\u00fchrung von ClassEur vor \u00fcber 15 Jahren mit einer breiten Palette an Produkten aus&#8230;<\/p>\n","protected":false},"author":1,"featured_media":1567,"parent":0,"menu_order":0,"comment_status":"closed","ping_status":"closed","template":"page-settori.php","meta":{"_acf_changed":false,"footnotes":""},"class_list":["post-3191","page","type-page","status-publish","has-post-thumbnail","hentry"],"acf":[],"aioseo_notices":[],"_links":{"self":[{"href":"https:\/\/www.centralcarta.it\/de\/wp-json\/wp\/v2\/pages\/3191","targetHints":{"allow":["GET"]}}],"collection":[{"href":"https:\/\/www.centralcarta.it\/de\/wp-json\/wp\/v2\/pages"}],"about":[{"href":"https:\/\/www.centralcarta.it\/de\/wp-json\/wp\/v2\/types\/page"}],"author":[{"embeddable":true,"href":"https:\/\/www.centralcarta.it\/de\/wp-json\/wp\/v2\/users\/1"}],"replies":[{"embeddable":true,"href":"https:\/\/www.centralcarta.it\/de\/wp-json\/wp\/v2\/comments?post=3191"}],"version-history":[{"count":5,"href":"https:\/\/www.centralcarta.it\/de\/wp-json\/wp\/v2\/pages\/3191\/revisions"}],"predecessor-version":[{"id":3207,"href":"https:\/\/www.centralcarta.it\/de\/wp-json\/wp\/v2\/pages\/3191\/revisions\/3207"}],"wp:featuredmedia":[{"embeddable":true,"href":"https:\/\/www.centralcarta.it\/de\/wp-json\/wp\/v2\/media\/1567"}],"wp:attachment":[{"href":"https:\/\/www.centralcarta.it\/de\/wp-json\/wp\/v2\/media?parent=3191"}],"curies":[{"name":"wp","href":"https:\/\/api.w.org\/{rel}","templated":true}]}}