{"id":2264,"date":"2021-03-25T15:52:21","date_gmt":"2021-03-25T14:52:21","guid":{"rendered":"https:\/\/www.centralcarta.it\/privacy-policy\/"},"modified":"2022-07-25T12:18:23","modified_gmt":"2022-07-25T10:18:23","slug":"privacy-policy","status":"publish","type":"page","link":"https:\/\/www.centralcarta.it\/de\/privacy-policy\/","title":{"rendered":"Privacy and cookie policy"},"content":{"rendered":"<h2>Privacy<\/h2>\n<p><strong>KUNDEN- UND LIEFERANTENINFORMATION\u00a0ZUM DATENSCHUTZ IM SINNE DES ART. 12 und folgende EU-VERORDNUNG 679\/2016<\/strong><\/p>\n<p>F\u00fcr das Unternehmen CENTRALCARTA S.R.L. mit Sitz in Via XXV Aprile, 9\/13, 55011 Badia Pozzeveri, Altopascio (LU), Italien (USt.-IdNr. und St.-Nr. 01124030477), Tel. (+39) 0583 278045, e-mail: info@centralcarta.it in der Person seines gesetzlichen Vertreters und als Verantwortlicher f\u00fcr die Datenverarbeitung ist der Schutz der personenbezogenen Daten und die Achtung der Grunds\u00e4tze der Vertraulichkeit und W\u00fcrde der Personen seit jeher ein Anliegen.<\/p>\n<p>Gem\u00e4\u00df der neuen EU-Verordnung 679\/2016 muss nach dem Grundsatz der Verantwortlichkeit jede Verarbeitung personenbezogener Daten rechtm\u00e4\u00dfig und korrekt erfolgen. Die Art und Weise, wie personenbezogene Daten \u00fcber eine nat\u00fcrliche Person erhoben, abgerufen oder anderweitig verarbeitet werden und in welchem Umfang diese Daten verarbeitet werden, muss f\u00fcr nat\u00fcrliche Personen transparent sein.<\/p>\n<p>Der Grundsatz der Transparenz verlangt, dass Informationen und Mitteilungen \u00fcber die Verarbeitung dieser Daten leicht zug\u00e4nglich und verst\u00e4ndlich sind und dass eine klare und einfache Sprache verwendet wird.<\/p>\n<p>Dieser Grundsatz betrifft insbesondere die Unterrichtung der betroffenen Personen \u00fcber die Identit\u00e4t des f\u00fcr die Verarbeitung Verantwortlichen sowie \u00fcber die Zwecke der Verarbeitung und weitere Informationen (siehe Artikel 13 und 14 der EU-Verordnung 679\/2016), um eine faire und transparente Verarbeitung hinsichtlich der betroffenen nat\u00fcrlichen Personen und ihres Anrechts auf Best\u00e4tigung und Mitteilung einer sie betreffenden Verarbeitung personenbezogener Daten zu gew\u00e4hrleisten (siehe Erw\u00e4gungsgr\u00fcnde 39, EU-Verordnung 679\/2016).<\/p>\n<p>Bitte beachten Sie hierzu die folgende Erkl\u00e4rung.<\/p>\n<p>Das Unternehmen CENTRALCARTA S.R.L. mit Sitz in Via XXV Aprile, 9\/13, 55011 Badia Pozzeveri, Altopascio (LU), Italien (USt.-IdNr. und St.-Nr. 01124030477), Tel. (+39) 0583 278045, e-mail: info@centralcarta.it informiert in der Person seines gesetzlichen Vertreters und als Verantwortlicher f\u00fcr die Datenverarbeitung gem\u00e4\u00df und im Sinne der EU-Verordnung 2016\/679 hiermit den Betroffenen, dass die ihn betreffenden personenbezogenen Daten, die vom Verantwortlichen der Datenverarbeitung erfasst oder nachfolgend von Dritten angefordert und\/oder \u00fcbermittelt werden, erforderlich sind und f\u00fcr die nachstehend angegebenen Zwecke verwendet werden.<\/p>\n<p><strong>ZWECK UND RECHTM\u00c4SSIGKEIT DER VERARBEITUNG<br \/>\n<\/strong>Im Sinne der EU-Verordnung 679\/2016 werden die personenbezogenen Daten:<\/p>\n<p>&#8211; rechtm\u00e4\u00dfig, fair und f\u00fcr den Betroffenen transparent verarbeitet (Art. 5);<\/p>\n<p>&#8211; Sie werden f\u00fcr bestimmte, eindeutige und rechtm\u00e4\u00dfige Zwecke erhoben und nicht in einer Weise weiterverarbeitet, die mit diesen Zwecken unvereinbar ist (Artikel 5);<\/p>\n<p>Die Daten werden zu folgenden Zwecken erhoben:<\/p>\n<p>\u00b7 Verfolgung von Zwecken, die f\u00fcr die Erf\u00fcllung des bestehenden Vertrags-\/Vorvertragsverh\u00e4ltnisses zweckdienlichen und\/oder erg\u00e4nzenden sind;<\/p>\n<p>\u00b7 Allgemeine Buchhaltung, Rechnungsstellung, Kreditmanagement, zivil- und steuerrechtliche Verpflichtungen und die Aktualisierung der Archive;<\/p>\n<p>\u00b7 Bestimmung der Zufriedenheit der Betroffenen mit der Qualit\u00e4t der vom Verfasser gelieferten Produkte und Dienstleistungen, einschlie\u00dflich statistischer Analysen;<\/p>\n<p>\u00b7 Die Daten werden zum Versenden von Servicemitteilungen, die Bearbeitung von Klarstellungsanfragen und Meldungen verarbeitet und f\u00fcr die Bearbeitung von Beschwerden bzgl. des aufgebauten Vertragsverh\u00e4ltnisses bzw. dessen Ausf\u00fchrung.<\/p>\n<p>Alle personenbezogenen Daten, die sich auf die betroffene Person beziehen oder bei ihr erhoben werden, k\u00f6nnen nach erfolgter Einwilligung zu Marketingzwecken verwendet werden (das hei\u00dft z.B. zur Bewerbung von Werbe- und Verkaufsveranstaltungen, zum Versenden von Werbematerialien, Werbeaktionen und Angeboten), die vom Verantwortlichen sowohl auf automatisiertem als auch auf traditionellem Wege umgesetzt werden k\u00f6nnen.<\/p>\n<p><strong>VERARBEITUNGSMETHODEN UND GEHEIMHALTUNGSPFLICHT<br \/>\n<\/strong>Die Datenverarbeitung erfolgt mithilfe von elektronischen Hilfsmitteln und\/oder auf Papier, und wird von Personen ausgef\u00fchrt, die zur Vertraulichkeit verpflichtet sind. Die Logik ist zweckgebunden und in jedem Fall sind die Sicherheit und Vertraulichkeit der Daten gew\u00e4hrleistet. Die erhobenen Daten werden gem\u00e4\u00df der Gesetzgebung nicht an Dritte weitergegeben.<\/p>\n<p><strong>\u00dcBERMITTLUNG AN DRITTE<br \/>\n<\/strong>Ihre personenbezogenen Daten d\u00fcrfen nur und ausschlie\u00dflich zu den oben genannten Zwecken an uns bekannte Dritte und insbesondere an folgende Personengruppen weitergegeben werden:<\/p>\n<p>&#8211; Externe Unternehmen, die in unserem Namen Dienstleistungen erbringen;<\/p>\n<p>&#8211; Beh\u00f6rden und \u00f6ffentliche Verwaltungen zur Erf\u00fcllung gesetzlicher Forderungen;<\/p>\n<p>&#8211; Fachkr\u00e4fte, die bei der Erf\u00fcllung der gesetzlichen Forderungen behilflich sein k\u00f6nnen.<\/p>\n<p>Diese Personen verarbeiten die personenbezogenen Daten als externe Verantwortliche.<\/p>\n<p><strong>DAUER DER SPEICHERUNG<br \/>\n<\/strong>Gem\u00e4\u00df Art. 5 der EU-Verordnung 679\/2016,\u00a0\u201eGrunds\u00e4tze f\u00fcr die Verarbeitung personenbezogener Daten\u201c, werden personenbezogene Daten in einer Form gespeichert, die eine Identifizierung der betroffenen Personen f\u00fcr einen Zeitraum erm\u00f6glicht, der den f\u00fcr die Erreichung der Zwecke, f\u00fcr die sie verarbeitet werden, erforderlichen Zeitraum nicht \u00fcberschreitet.<\/p>\n<p>Die personenbezogenen Daten der Betroffenen k\u00f6nnen auch \u00fcber einen l\u00e4ngeren Zeitraum im Einklang mit den geltenden Gesetzen (z.B. im Hinblick auf die Rechnungslegung).<\/p>\n<p><strong>RECHTE DER BETROFFENEN PERSON<br \/>\n<\/strong>Nach geltendem Recht kann die betroffene Person ihre Rechte gegen\u00fcber dem f\u00fcr die Verarbeitung Verantwortlichen, wie in der Verordnung EU 679\/2016 festgelegt, einfordern, d. h.:<\/p>\n<p><strong>AUSKUNFTSRECHT DER BETROFFENEN PERSON<br \/>\n<\/strong><strong>Art. 15<br \/>\n<\/strong>Die betroffene Person hat das Recht, von dem f\u00fcr die Verarbeitung Verantwortlichen eine Best\u00e4tigung dar\u00fcber zu verlangen, ob sie betreffende personenbezogene Daten verarbeitet werden; ist dies der Fall, so hat sie ein Recht auf Auskunft \u00fcber diese personenbezogenen Daten und auf folgende Informationen:<\/p>\n<p>a) die Verarbeitungszwecke;<\/p>\n<p>b) die Kategorien personenbezogener Daten, die verarbeitet werden;<\/p>\n<p>c) die Empf\u00e4nger oder Kategorien von Empf\u00e4ngern, gegen\u00fcber denen die personenbezogenen Daten offengelegt worden sind oder noch offengelegt werden, insbesondere bei Empf\u00e4ngern in Drittl\u00e4ndern oder bei internationalen Organisationen;<\/p>\n<p>d) falls m\u00f6glich die geplante Dauer, f\u00fcr die die personenbezogenen Daten gespeichert werden, oder, falls dies nicht m\u00f6glich ist, die Kriterien f\u00fcr die Festlegung dieser Dauer;<\/p>\n<p>e) das Bestehen eines Rechts auf Berichtigung oder L\u00f6schung der sie betreffenden personenbezogenen Daten oder auf Einschr\u00e4nkung der Verarbeitung durch den Verantwortlichen oder eines Widerspruchsrechts gegen diese Verarbeitung;<\/p>\n<p>f) das Bestehen eines Beschwerderechts bei einer Aufsichtsbeh\u00f6rde<\/p>\n<p>g) wenn die personenbezogenen Daten nicht bei der betroffenen Person erhoben werden, alle verf\u00fcgbaren Informationen \u00fcber die Herkunft der Daten;<\/p>\n<p>h) das Bestehen einer automatisierten Entscheidungsfindung einschlie\u00dflich Profiling gem\u00e4\u00df Artikel 22 Abs\u00e4tze 1 und 4 und \u2014 zumindest in diesen F\u00e4llen \u2014 aussagekr\u00e4ftige Informationen \u00fcber die involvierte Logik sowie die Tragweite und die angestrebten Auswirkungen einer derartigen Verarbeitung f\u00fcr die betroffene Person.<\/p>\n<p>1. Werden personenbezogene Daten an ein Drittland oder an eine internationale Organisation \u00fcbermittelt, so hat die betroffene Person das Recht, \u00fcber die geeigneten Garantien gem\u00e4\u00df Artikel 46 im Zusammenhang mit der \u00dcbermittlung unterrichtet zu werden.<\/p>\n<p>2. Der f\u00fcr die Datenverarbeitung Verantwortliche stellt eine Kopie der personenbezogenen Daten, die Gegenstand der Verarbeitung sind, zur Verf\u00fcgung. F\u00fcr alle weiteren Kopien, die die betroffene Person beantragt, kann der Verantwortliche ein angemessenes Entgelt auf der Grundlage der Verwaltungskosten verlangen. Stellt die betroffene Person den Antrag elektronisch, so sind die Informationen in einem g\u00e4ngigen elektronischen Format zur Verf\u00fcgung zu stellen, sofern sie nichts anderes angibt.<\/p>\n<p>Das Recht auf Erhalt einer Kopie darf die Rechte und Freiheiten anderer Personen nicht beeintr\u00e4chtigen.<\/p>\n<p><strong>RECHT AUF BERICHTIGUNG<br \/>\n<\/strong><strong>Art. 16<br \/>\n<\/strong>Die betroffene Person hat das Recht, von dem Verantwortlichen unverz\u00fcglich die Berichtigung sie betreffender unrichtiger personenbezogener Daten zu verlangen. Unter Ber\u00fccksichtigung der Zwecke der Verarbeitung hat die betroffene Person das Recht, die Vervollst\u00e4ndigung unvollst\u00e4ndiger personenbezogener Daten \u2014 auch mittels einer erg\u00e4nzenden Erkl\u00e4rung \u2014 zu verlangen.<\/p>\n<p><strong>RECHT AUF L\u00d6SCHUNG<br \/>\n<\/strong><strong>Art. 17<br \/>\n<\/strong>1. Die betroffene Person hat das Recht, von dem Verantwortlichen zu verlangen, dass sie betreffende personenbezogene Daten unverz\u00fcglich gel\u00f6scht werden, und der Verantwortliche ist verpflichtet, personenbezogene Daten unverz\u00fcglich zu l\u00f6schen, sofern einer der folgenden Gr\u00fcnde zutrifft:<\/p>\n<p>a) Die personenbezogenen Daten sind f\u00fcr die Zwecke, f\u00fcr die sie erhoben oder auf sonstige Weise verarbeitet wurden, nicht mehr notwendig.<\/p>\n<p>b) Die betroffene Person widerruft ihre Einwilligung, auf die sich die Verarbeitung gem\u00e4\u00df Artikel 6 Absatz 1 Buchstabe a) oder Artikel 9 Absatz 2 Buchstabe a) st\u00fctzte, und es fehlt an einer anderweitigen Rechtsgrundlage f\u00fcr die Verarbeitung.<\/p>\n<p>c) Die betroffene Person legt gem\u00e4\u00df Artikel 21 Absatz 1 Widerspruch gegen die Verarbeitung ein und es liegen keine vorrangigen berechtigten Gr\u00fcnde f\u00fcr die Verarbeitung vor, oder die betroffene Person legt gem\u00e4\u00df Artikel 21 Absatz 2 Widerspruch gegen die Verarbeitung ein.<\/p>\n<p>d) Die personenbezogenen Daten wurden unrechtm\u00e4\u00dfig verarbeitet:<\/p>\n<p>e) Die L\u00f6schung der personenbezogenen Daten ist zur Erf\u00fcllung einer rechtlichen Verpflichtung nach dem Unionsrecht oder dem Recht der Mitgliedstaaten erforderlich, dem der Verantwortliche unterliegt:<\/p>\n<p>f) Die personenbezogenen Daten wurden in Bezug auf angebotene Dienste der Informationsgesellschaft gem\u00e4\u00df Artikel 8 Absatz 1 erhoben.<\/p>\n<p>2.Der Verantwortliche hat die personenbezogenen Daten \u00f6ffentlich gemacht und ist er gem\u00e4\u00df Absatz 1 zu deren L\u00f6schung verpflichtet, so trifft er unter Ber\u00fccksichtigung der verf\u00fcgbaren Technologie und der Implementierungskosten angemessene Ma\u00dfnahmen, auch technischer Art, um f\u00fcr die Datenverarbeitung Verantwortliche, die die personenbezogenen Daten verarbeiten, dar\u00fcber zu informieren, dass eine betroffene Person von ihnen die L\u00f6schung aller Links zu diesen personenbezogenen Daten oder von Kopien oder Replikationen dieser personenbezogenen Daten verlangt hat.<\/p>\n<p>3. Die Abs\u00e4tze 1 und 2 gelten nicht, soweit die Verarbeitung erforderlich ist:<\/p>\n<p>a) zur Aus\u00fcbung des Rechts auf freie Meinungs\u00e4u\u00dferung und Information;<\/p>\n<p>b) zur Erf\u00fcllung einer rechtlichen Verpflichtung, die die Verarbeitung nach dem Recht der Union oder der Mitgliedstaaten, dem der Verantwortliche unterliegt, erfordert, oder zur Wahrnehmung einer Aufgabe, die im \u00f6ffentlichen Interesse liegt oder in Aus\u00fcbung \u00f6ffentlicher Gewalt erfolgt, die dem Verantwortlichen \u00fcbertragen wurde;<\/p>\n<p>c) aus Gr\u00fcnden des \u00f6ffentlichen Interesses im Bereich der \u00f6ffentlichen Gesundheit gem\u00e4\u00df Artikel 9 Absatz 2 Buchstaben h) und i) sowie Artikel 9 Absatz 3;<\/p>\n<p>d) f\u00fcr im \u00f6ffentlichen Interesse liegende Archivzwecke, wissenschaftliche oder historische Forschungszwecke oder f\u00fcr statistische Zwecke gem\u00e4\u00df Artikel 89 Absatz 1, soweit das in Absatz 1 genannte Recht voraussichtlich die Verwirklichung der Ziele dieser Verarbeitung unm\u00f6glich macht oder ernsthaft beeintr\u00e4chtigt, oder<\/p>\n<p>e) zur Geltendmachung, Aus\u00fcbung oder Verteidigung von Rechtsanspr\u00fcchen:<\/p>\n<p><strong>RECHT AUF EINSCHR\u00c4NKUNG DER VERARBEITUNG<br \/>\n<\/strong><strong>Art. 18<br \/>\n<\/strong>1. Die betroffene Person hat das Recht, von dem f\u00fcr die Verarbeitung Verantwortlichen die Einschr\u00e4nkung der Verarbeitung zu verlangen, wenn eine der folgenden Voraussetzungen gegeben ist:<\/p>\n<p>a) die Richtigkeit der personenbezogenen Daten von der betroffenen Person bestritten wird, und zwar f\u00fcr eine Dauer, die es dem Verantwortlichen erm\u00f6glicht, die Richtigkeit der personenbezogenen Daten zu \u00fcberpr\u00fcfen;<\/p>\n<p>b) die Verarbeitung unrechtm\u00e4\u00dfig ist und die betroffene Person die L\u00f6schung der personenbezogenen Daten ablehnt und stattdessen die Einschr\u00e4nkung der Nutzung der personenbezogenen Daten verlangt;<\/p>\n<p>c) der f\u00fcr die Verarbeitung Verantwortliche die personenbezogenen Daten f\u00fcr die Zwecke der Verarbeitung nicht l\u00e4nger ben\u00f6tigt, die betroffene Person sie jedoch zur Geltendmachung, Aus\u00fcbung oder Verteidigung von Rechtsanspr\u00fcchen ben\u00f6tigt;<\/p>\n<p>d) die betroffene Person Widerspruch gegen die Verarbeitung gem\u00e4\u00df Artikel 21 Absatz 1 eingelegt hat, solange noch nicht feststeht, ob die berechtigten Gr\u00fcnde des Verantwortlichen gegen\u00fcber denen der betroffenen Person \u00fcberwiegen.<\/p>\n<p>2. Wurde die Verarbeitung gem\u00e4\u00df Absatz 1 eingeschr\u00e4nkt, so d\u00fcrfen diese personenbezogenen Daten \u2014 von ihrer Speicherung abgesehen \u2014 nur mit Einwilligung der betroffenen Person oder zur Geltendmachung, Aus\u00fcbung oder Verteidigung von Rechtsanspr\u00fcchen oder zum Schutz der Rechte einer anderen nat\u00fcrlichen oder juristischen Person oder aus Gr\u00fcnden eines wichtigen \u00f6ffentlichen Interesses der Union oder eines Mitgliedstaats verarbeitet werden.<\/p>\n<p>3. Eine betroffene Person, die eine Einschr\u00e4nkung der Verarbeitung gem\u00e4\u00df Absatz 1 erwirkt hat, wird von dem f\u00fcr die Verarbeitung Verantwortlichen unterrichtet, bevor die Einschr\u00e4nkung aufgehoben wird.<\/p>\n<p><strong>RECHT AUF DATEN\u00dcBERTRAGBARKEIT<br \/>\n<\/strong><strong>Art. 20<br \/>\n<\/strong>1. Die betroffene Person hat das Recht, die sie betreffenden personenbezogenen Daten, die sie einem f\u00fcr die Verarbeitung Verantwortlichen bereitgestellt hat, in einem strukturierten, g\u00e4ngigen und maschinenlesbaren Format zu erhalten, und sie hat das Recht, diese Daten einem anderen Verantwortlichen ohne Behinderung durch den f\u00fcr die Verarbeitung Verantwortlichen, dem die personenbezogenen Daten bereitgestellt wurden, zu \u00fcbermitteln, sofern:<\/p>\n<p>a) die Verarbeitung auf einer Einwilligung gem\u00e4\u00df Artikel 6 Absatz 1 Buchstabe a) oder Artikel 9 Absatz 2 Buchstabe a) oder auf einem Vertrag gem\u00e4\u00df Artikel 6 Absatz 1 Buchstabe b) beruht; und<\/p>\n<p>b) Die Verarbeitung mithilfe automatisierter Verfahren erfolgt.<\/p>\n<p>2. Bei der Aus\u00fcbung ihres Rechts auf Daten\u00fcbertragbarkeit gem\u00e4\u00df Absatz 1 hat die betroffene Person das Recht, zu erwirken, dass die personenbezogenen Daten direkt von einem Verantwortlichen einem anderen Verantwortlichen \u00fcbermittelt werden, soweit dies technisch machbar ist.<\/p>\n<p>3. Die Aus\u00fcbung des Rechts nach Absatz 1 des vorliegenden Artikels l\u00e4sst Artikel 17 unber\u00fchrt. Dieses Recht gilt nicht f\u00fcr eine Verarbeitung, die f\u00fcr die Wahrnehmung einer Aufgabe erforderlich ist, die im \u00f6ffentlichen Interesse liegt oder in Aus\u00fcbung \u00f6ffentlicher Gewalt erfolgt, die dem f\u00fcr die Verarbeitung Verantwortlichen \u00fcbertragen wurde.<\/p>\n<p>4. Das Recht gem\u00e4\u00df Absatz 1 darf die Rechte und Freiheiten anderer Personen nicht beeintr\u00e4chtigen.<\/p>\n<p><strong>WIDERSPRUCHSRECHT<br \/>\n<\/strong><strong>Art. 21<br \/>\n<\/strong>1. Die betroffene Person hat das Recht, aus Gr\u00fcnden, die sich aus ihrer besonderen Situation ergeben, jederzeit gegen die Verarbeitung sie betreffender personenbezogener Daten, die aufgrund von Artikel 6 Absatz 1 Buchstaben e) oder f) erfolgt, Widerspruch einzulegen; dies gilt auch f\u00fcr ein auf diese Bestimmungen gest\u00fctztes Profiling. Der f\u00fcr die Verarbeitung Verantwortliche verarbeitet die personenbezogenen Daten nicht mehr, es sei denn, er kann zwingende schutzw\u00fcrdige Gr\u00fcnde f\u00fcr die Verarbeitung nachweisen, die die Interessen, Rechte und Freiheiten der betroffenen Person \u00fcberwiegen, oder die Verarbeitung dient der Geltendmachung, Aus\u00fcbung oder Verteidigung von Rechtsanspr\u00fcchen.<\/p>\n<p>2. Werden personenbezogene Daten verarbeitet, um Direktwerbung zu betreiben, so hat die betroffene Person das Recht, jederzeit Widerspruch gegen die Verarbeitung sie betreffender personenbezogener Daten zum Zwecke derartiger Werbung einzulegen; dies gilt auch f\u00fcr das Profiling, soweit es mit solcher Direktwerbung in Verbindung steht.<\/p>\n<p>3. Widerspricht die betroffene Person der Verarbeitung f\u00fcr Zwecke der Direktwerbung, so werden die personenbezogenen Daten nicht mehr f\u00fcr diese Zwecke verarbeitet.<\/p>\n<p>4. Die betroffene Person muss sp\u00e4testens zum Zeitpunkt der ersten Kommunikation mit ihr ausdr\u00fccklich auf das in den Abs\u00e4tzen 1 und 2 genannte Recht hingewiesen werden; dieser Hinweis hat in einer verst\u00e4ndlichen und von anderen Informationen getrennten Form zu erfolgen.<\/p>\n<p>5. Im Zusammenhang mit der Nutzung von Diensten der Informationsgesellschaft kann die betroffene Person ungeachtet der Richtlinie 2002\/58\/EG ihr Widerspruchsrecht mittels automatisierter Verfahren aus\u00fcben, bei denen technische Spezifikationen verwendet werden.<\/p>\n<p>6. Die betroffene Person hat das Recht, aus Gr\u00fcnden, die sich aus ihrer besonderen Situation ergeben, gegen die sie betreffende Verarbeitung sie betreffender personenbezogener Daten, die zu wissenschaftlichen oder historischen Forschungszwecken oder zu statistischen Zwecken gem\u00e4\u00df Artikel 89 Absatz 1 erfolgt, Widerspruch einzulegen, es sei denn, die Verarbeitung ist zur Erf\u00fcllung einer im \u00f6ffentlichen Interesse liegenden Aufgabe erforderlich.<\/p>\n<p>Zus\u00e4tzlich zu den oben genannten Rechten hat die betroffene Person das Recht, die Einwilligung mittels eines entsprechenden Antrags zu widerrufen und bei entsprechender Rechtslage bei der Aufsichtsbeh\u00f6rde Beschwerde einzulegen.<\/p>\n<p><strong>VERANTWORTLICHER UND MITTEILUNGEN ZUM DATENSCHUTZ<br \/>\n<\/strong>Centralcarta S.r.l. mit Gesellschaftssitz in Altopascio (LU), in via XXV Aprile, 9\/13 (USt.-IdNr. und St.-Nr. 01124030477)ist in der Person seines gesetzlichen Vertreters der f\u00fcr die Datenverarbeitung Verantwortliche.<\/p>\n<h2>Cookies<\/h2>\n<p>Centralcarta S.R.L.\u00a0verwendet technische\u00a0Cookies\u00a0und damit vergleichbare\u00a0Cookies\u00a0(beh\u00f6rd. Bescheid 8.5.2014) und insbesondere:<\/p>\n<p>-Sitzungscookies\u00a0oder Navigationscookies: sie stellen eine ordnungsgem\u00e4\u00dfe Navigation und Nutzung der Website sicher.<\/p>\n<p>-Funktionscookies: damit kann der Besucher mit verschiedenen Modalit\u00e4ten auf der Website navigieren und sie verbessern sein Erlebnis (z.B. durch die Sprach- und Produktauswahl)<\/p>\n<p>Diese\u00a0Cookies\u00a0sammeln anonyme Informationen \u00fcber die Nutzungsart der\u00a0Website, wie die Anzahl der Besucher. Die Daten werden zusammengefasst und stellen keine Form von Profilerstellung dar.<\/p>\n<p>Auf jeden Fall wird der Nutzer darauf hingewiesen, dass er die\u00a0Cookies\u00a0in den verschiedenen\u00a0Browsern\u00a0aktivieren und deaktivieren kann:<\/p>\n<p>\u2022\u00a0<a href=\"https:\/\/support.google.com\/accounts\/answer\/61416?hl=it\">Google Chrome<\/a><\/p>\n<p>\u2022\u00a0<a href=\"https:\/\/support.mozilla.org\/it\/kb\/Attivare%20e%20disattivare%20i%20cookie\">Firefox<\/a><\/p>\n<p>\u2022\u00a0<a href=\"http:\/\/windows.microsoft.com\/it-it\/windows7\/block-enable-or-allow-cookies\">Internet Explorer<\/a><\/p>\n<p>\u2022\u00a0<a href=\"https:\/\/support.apple.com\/it-it\/HT201265\">Safari<\/a><\/p>\n<p>\u2022\u00a0<a href=\"http:\/\/help.opera.com\/Windows\/10.00\/it\/cookies.html\">Opera<\/a><\/p>\n","protected":false},"excerpt":{"rendered":"<p>Privacy KUNDEN- UND LIEFERANTENINFORMATION\u00a0ZUM DATENSCHUTZ IM SINNE DES ART. 12 und folgende EU-VERORDNUNG 679\/2016 F\u00fcr das Unternehmen CENTRALCARTA&#8230;<\/p>\n","protected":false},"author":1,"featured_media":1641,"parent":0,"menu_order":0,"comment_status":"closed","ping_status":"open","template":"","meta":{"_acf_changed":false,"footnotes":""},"class_list":["post-2264","page","type-page","status-publish","has-post-thumbnail","hentry"],"acf":[],"aioseo_notices":[],"_links":{"self":[{"href":"https:\/\/www.centralcarta.it\/de\/wp-json\/wp\/v2\/pages\/2264","targetHints":{"allow":["GET"]}}],"collection":[{"href":"https:\/\/www.centralcarta.it\/de\/wp-json\/wp\/v2\/pages"}],"about":[{"href":"https:\/\/www.centralcarta.it\/de\/wp-json\/wp\/v2\/types\/page"}],"author":[{"embeddable":true,"href":"https:\/\/www.centralcarta.it\/de\/wp-json\/wp\/v2\/users\/1"}],"replies":[{"embeddable":true,"href":"https:\/\/www.centralcarta.it\/de\/wp-json\/wp\/v2\/comments?post=2264"}],"version-history":[{"count":5,"href":"https:\/\/www.centralcarta.it\/de\/wp-json\/wp\/v2\/pages\/2264\/revisions"}],"predecessor-version":[{"id":3494,"href":"https:\/\/www.centralcarta.it\/de\/wp-json\/wp\/v2\/pages\/2264\/revisions\/3494"}],"wp:featuredmedia":[{"embeddable":true,"href":"https:\/\/www.centralcarta.it\/de\/wp-json\/wp\/v2\/media\/1641"}],"wp:attachment":[{"href":"https:\/\/www.centralcarta.it\/de\/wp-json\/wp\/v2\/media?parent=2264"}],"curies":[{"name":"wp","href":"https:\/\/api.w.org\/{rel}","templated":true}]}}