{"id":1668,"date":"2021-03-26T16:29:05","date_gmt":"2021-03-26T15:29:05","guid":{"rendered":"https:\/\/www.centralcarta.it\/contatti\/"},"modified":"2021-05-27T16:42:53","modified_gmt":"2021-05-27T14:42:53","slug":"kontakt","status":"publish","type":"page","link":"https:\/\/www.centralcarta.it\/de\/kontakt\/","title":{"rendered":"Kontakt"},"content":{"rendered":"<div class=\"uk-grid\" uk-grid>\n<div class=\"uk-width-1-1\">\n<p class=\"big\"><strong>CENTRALCARTA SRL<\/strong><\/p>\n<\/div>\n<div class=\"uk-width-1-3@m\">\n<p>Via XXV Aprile, 9\/13<br \/>\n55011 Badia Pozzeveri<br \/>\nAltopascio (LU)<br \/>\nItalien<\/p>\n<\/div>\n<div class=\"uk-width-1-3@m\">\n<p>Tel. (+39) 0583 278045<br \/>\nFax. (+39) 0583 278602<\/p>\n<\/div>\n<div class=\"uk-width-1-3@m\">\n<p>Mail: <a href=\"mailto:info@centralcarta.it\">info@centralcarta.it<\/a><\/p>\n<\/div>\n<div class=\"uk-width-1-1\">\n&nbsp;<br \/>\n<a class=\"position\" href=\"https:\/\/www.google.com\/maps\/place\/Centralcarta\/@43.8267515,10.6354838,17z\/data=!3m1!4b1!4m5!3m4!1s0x132a78d18630a1f9:0xf5b091f2bdd0cdcd!8m2!3d43.8267477!4d10.6376725\" target=\"_blank\" rel=\"noopener\">Anweisungen bekommen <\/a><\/div>\n<\/div>\n<p>&nbsp;<br \/>\n&nbsp;<br \/>\n\n<div class=\"wpcf7 no-js\" id=\"wpcf7-f1408-o1\" lang=\"it-IT\" dir=\"ltr\" data-wpcf7-id=\"1408\">\n<div class=\"screen-reader-response\"><p role=\"status\" aria-live=\"polite\" aria-atomic=\"true\"><\/p> <ul><\/ul><\/div>\n<form action=\"\/de\/wp-json\/wp\/v2\/pages\/1668#wpcf7-f1408-o1\" method=\"post\" class=\"wpcf7-form init\" aria-label=\"Modulo di contatto\" novalidate=\"novalidate\" data-status=\"init\">\n<fieldset class=\"hidden-fields-container\"><input type=\"hidden\" name=\"_wpcf7\" value=\"1408\" \/><input type=\"hidden\" name=\"_wpcf7_version\" value=\"6.1.5\" \/><input type=\"hidden\" name=\"_wpcf7_locale\" value=\"it_IT\" \/><input type=\"hidden\" name=\"_wpcf7_unit_tag\" value=\"wpcf7-f1408-o1\" \/><input type=\"hidden\" name=\"_wpcf7_container_post\" value=\"0\" \/><input type=\"hidden\" name=\"_wpcf7_posted_data_hash\" value=\"\" \/><input type=\"hidden\" name=\"_wpcf7dtx_version\" value=\"5.0.5\" \/>\n<\/fieldset>\n<div uk-grid class=\"uk-grid\">\n\t<div class=\"uk-width-1-1 center\">\n\t\t<p class=\"image\"><img decoding=\"async\" src=\"https:\/\/www.centralcarta.it\/wp-content\/uploads\/2021\/03\/form_image.svg\" \/>\n\t\t<\/p>\n\t\t<h4>SCHREIBEN SIE UNS GLEICH\n\t\t<\/h4>\n\t\t<p>Wenn Sie weitere Informationen \u00fcber unsere Dienstleistungen oder Produkte erhalten m\u00f6chten, f\u00fcllen Sie bitte das folgende Formular aus.<span><strong>Alle Felder sind Pflichtfelder.<\/strong><\/span>\n\t\t<\/p>\n\t<\/div>\n\t<div class=\"uk-width-1-2@m\">\n\t\t<p><label> NAME<br \/>\n<span class=\"wpcf7-form-control-wrap\" data-name=\"your-name\"><input size=\"40\" maxlength=\"400\" class=\"wpcf7-form-control wpcf7-text wpcf7-validates-as-required\" aria-required=\"true\" aria-invalid=\"false\" value=\"\" type=\"text\" name=\"your-name\" \/><\/span> <\/label>\n\t\t<\/p>\n\t<\/div>\n\t<div class=\"uk-width-1-2@m\">\n\t\t<p><label> NACHNAME<br \/>\n<span class=\"wpcf7-form-control-wrap\" data-name=\"your-surname\"><input size=\"40\" maxlength=\"400\" class=\"wpcf7-form-control wpcf7-text wpcf7-validates-as-required\" aria-required=\"true\" aria-invalid=\"false\" value=\"\" type=\"text\" name=\"your-surname\" \/><\/span> <\/label>\n\t\t<\/p>\n\t<\/div>\n\t<div class=\"uk-width-1-2@m\">\n\t\t<p><label> TELEFON<br \/>\n<span class=\"wpcf7-form-control-wrap\" data-name=\"your-phone\"><input size=\"40\" maxlength=\"400\" class=\"wpcf7-form-control wpcf7-text wpcf7-validates-as-required\" aria-required=\"true\" aria-invalid=\"false\" value=\"\" type=\"text\" name=\"your-phone\" \/><\/span> <\/label>\n\t\t<\/p>\n\t<\/div>\n\t<div class=\"uk-width-1-2@m\">\n\t\t<p><label> EMAIL<br \/>\n<span class=\"wpcf7-form-control-wrap\" data-name=\"your-email\"><input size=\"40\" maxlength=\"400\" class=\"wpcf7-form-control wpcf7-email wpcf7-validates-as-required wpcf7-text wpcf7-validates-as-email\" aria-required=\"true\" aria-invalid=\"false\" value=\"\" type=\"email\" name=\"your-email\" \/><\/span> <\/label>\n\t\t<\/p>\n\t<\/div>\n\t<div class=\"uk-width-1-1\">\n\t\t<p><label> BOTSCHAFT<br \/>\n<span class=\"wpcf7-form-control-wrap\" data-name=\"your-message\"><textarea cols=\"40\" rows=\"10\" maxlength=\"2000\" class=\"wpcf7-form-control wpcf7-textarea wpcf7-validates-as-required\" aria-required=\"true\" aria-invalid=\"false\" name=\"your-message\"><\/textarea><\/span> <\/label>\n\t\t<\/p>\n\t<\/div>\n\t<div class=\"uk-width-1-1 acceptance\">\n\t\t<p><span class=\"wpcf7-form-control-wrap\" data-name=\"acceptance-449\"><span class=\"wpcf7-form-control wpcf7-acceptance\"><span class=\"wpcf7-list-item\"><input type=\"checkbox\" name=\"acceptance-449\" value=\"1\" aria-invalid=\"false\" \/><\/span><\/span><\/span> Ich habe die <a href=\"\/de\/privacy-policy\/\"> Datenschutzrichtlinie gelesen und akzeptiert<\/a>\n\t\t<\/p>\n\t<\/div>\n\t<div class=\"uk-width-1-1 button\">\n\t\t<p><input class=\"wpcf7-form-control wpcf7-submit has-spinner\" type=\"submit\" value=\"Senden\" \/>\n\t\t<\/p>\n\t<\/div>\n<\/div><input type='hidden' class='wpcf7-pum' value='{\"closepopup\":false,\"closedelay\":0,\"openpopup\":false,\"openpopup_id\":0}' \/><div class=\"wpcf7-response-output\" aria-hidden=\"true\"><\/div>\n<\/form>\n<\/div>\n<\/p>\n","protected":false},"excerpt":{"rendered":"<p>CENTRALCARTA SRL Via XXV Aprile, 9\/13 55011 Badia Pozzeveri Altopascio (LU) Italien Tel. (+39) 0583 278045 Fax. (+39)&#8230;<\/p>\n","protected":false},"author":1,"featured_media":1641,"parent":0,"menu_order":0,"comment_status":"closed","ping_status":"closed","template":"","meta":{"_acf_changed":false,"footnotes":""},"class_list":["post-1668","page","type-page","status-publish","has-post-thumbnail","hentry"],"acf":[],"aioseo_notices":[],"_links":{"self":[{"href":"https:\/\/www.centralcarta.it\/de\/wp-json\/wp\/v2\/pages\/1668","targetHints":{"allow":["GET"]}}],"collection":[{"href":"https:\/\/www.centralcarta.it\/de\/wp-json\/wp\/v2\/pages"}],"about":[{"href":"https:\/\/www.centralcarta.it\/de\/wp-json\/wp\/v2\/types\/page"}],"author":[{"embeddable":true,"href":"https:\/\/www.centralcarta.it\/de\/wp-json\/wp\/v2\/users\/1"}],"replies":[{"embeddable":true,"href":"https:\/\/www.centralcarta.it\/de\/wp-json\/wp\/v2\/comments?post=1668"}],"version-history":[{"count":6,"href":"https:\/\/www.centralcarta.it\/de\/wp-json\/wp\/v2\/pages\/1668\/revisions"}],"predecessor-version":[{"id":2578,"href":"https:\/\/www.centralcarta.it\/de\/wp-json\/wp\/v2\/pages\/1668\/revisions\/2578"}],"wp:featuredmedia":[{"embeddable":true,"href":"https:\/\/www.centralcarta.it\/de\/wp-json\/wp\/v2\/media\/1641"}],"wp:attachment":[{"href":"https:\/\/www.centralcarta.it\/de\/wp-json\/wp\/v2\/media?parent=1668"}],"curies":[{"name":"wp","href":"https:\/\/api.w.org\/{rel}","templated":true}]}}