{"id":1640,"date":"2021-03-29T12:34:34","date_gmt":"2021-03-29T10:34:34","guid":{"rendered":"https:\/\/www.centralcarta.it\/career\/"},"modified":"2021-05-21T16:28:01","modified_gmt":"2021-05-21T14:28:01","slug":"career","status":"publish","type":"page","link":"https:\/\/www.centralcarta.it\/de\/career\/","title":{"rendered":"Career"},"content":{"rendered":"<p>Das Unternehmen investiert viele Ressourcen in die Ausbildung der Personen seines Teams: Kompetente und motivierte Mitarbeiter, die in die Lage versetzt werden, unterschiedliche Talente und Begabungen zu entfalten und zum Ausdruck zu bringen. Pflege und F\u00f6rderung verschiedener beruflicher F\u00e4higkeiten, um die hohen Qualit\u00e4tsstandards zu gew\u00e4hrleisten, die Centralcarta auszeichnen.<\/p>\n<p>Wenn Sie Teil dieses Projekts werden m\u00f6chten, senden Sie uns einfach Ihre Bewerbung.<\/p>\n","protected":false},"excerpt":{"rendered":"<p>Das Unternehmen investiert viele Ressourcen in die Ausbildung der Personen seines Teams: Kompetente und motivierte Mitarbeiter, die in&#8230;<\/p>\n","protected":false},"author":1,"featured_media":1641,"parent":0,"menu_order":0,"comment_status":"closed","ping_status":"closed","template":"page-careers.php","meta":{"_acf_changed":false,"footnotes":""},"class_list":["post-1640","page","type-page","status-publish","has-post-thumbnail","hentry"],"acf":[],"aioseo_notices":[],"_links":{"self":[{"href":"https:\/\/www.centralcarta.it\/de\/wp-json\/wp\/v2\/pages\/1640","targetHints":{"allow":["GET"]}}],"collection":[{"href":"https:\/\/www.centralcarta.it\/de\/wp-json\/wp\/v2\/pages"}],"about":[{"href":"https:\/\/www.centralcarta.it\/de\/wp-json\/wp\/v2\/types\/page"}],"author":[{"embeddable":true,"href":"https:\/\/www.centralcarta.it\/de\/wp-json\/wp\/v2\/users\/1"}],"replies":[{"embeddable":true,"href":"https:\/\/www.centralcarta.it\/de\/wp-json\/wp\/v2\/comments?post=1640"}],"version-history":[{"count":3,"href":"https:\/\/www.centralcarta.it\/de\/wp-json\/wp\/v2\/pages\/1640\/revisions"}],"predecessor-version":[{"id":1648,"href":"https:\/\/www.centralcarta.it\/de\/wp-json\/wp\/v2\/pages\/1640\/revisions\/1648"}],"wp:featuredmedia":[{"embeddable":true,"href":"https:\/\/www.centralcarta.it\/de\/wp-json\/wp\/v2\/media\/1641"}],"wp:attachment":[{"href":"https:\/\/www.centralcarta.it\/de\/wp-json\/wp\/v2\/media?parent=1640"}],"curies":[{"name":"wp","href":"https:\/\/api.w.org\/{rel}","templated":true}]}}