{"id":1607,"date":"2021-03-25T16:05:12","date_gmt":"2021-03-25T15:05:12","guid":{"rendered":"https:\/\/www.centralcarta.it\/consumer\/"},"modified":"2021-05-21T16:01:44","modified_gmt":"2021-05-21T14:01:44","slug":"verbraucher","status":"publish","type":"page","link":"https:\/\/www.centralcarta.it\/de\/verbraucher\/","title":{"rendered":"Verbraucher"},"content":{"rendered":"<p>Die Welt der Konsumg\u00fcter kombiniert Funktionalit\u00e4t und \u00c4sthetik &#8211; die grundlegenden Hebel, die zum Ankurbeln des Kaufprozesses erforderlich sind.<\/p>\n<p>Mit dieser Produktlinie, die sich durch hohe Wertsch\u00f6pfung und ein gutes Image auszeichnet, ist <strong>Centralcarta<\/strong> in der Lage, die Marktanspr\u00fcche zu erf\u00fcllen, wird f\u00fcr das moderne GDO attraktiv und forscht konstant nach Produkten, die bedeutende Verkaufsmengen garantieren k\u00f6nnen.<\/p>\n<p>Nachdem <strong>Centralcarta<\/strong> durch Produkte mit bedeutendem technischem Inhalt gewachsen war, beschloss man, diese F\u00e4higkeiten auch auf den Kanal der Haushaltsartikel zu \u00fcbertragen, mit der Gewissheit, dass der Verbraucher die Vorteile der angebotenen Produkte sch\u00e4tzen w\u00fcrde.<\/p>\n<p>Die weiteren technologischen Investitionen, die mit dem Kauf neuer Verarbeitungslinien get\u00e4tigt wurden, stellten eine Produktionskapazit\u00e4t sicher, dank der <strong>Centralcarta<\/strong> als Lieferant gesehen wird, der mit der Entwicklung des von den Bezugskunden erzeugten Umsatzes Schritt halten kann.<\/p>\n","protected":false},"excerpt":{"rendered":"<p>Die Welt der Konsumg\u00fcter kombiniert Funktionalit\u00e4t und \u00c4sthetik &#8211; die grundlegenden Hebel, die zum Ankurbeln des Kaufprozesses erforderlich&#8230;<\/p>\n","protected":false},"author":1,"featured_media":1608,"parent":0,"menu_order":0,"comment_status":"closed","ping_status":"closed","template":"page-consumer.php","meta":{"_acf_changed":false,"footnotes":""},"class_list":["post-1607","page","type-page","status-publish","has-post-thumbnail","hentry"],"acf":[],"aioseo_notices":[],"_links":{"self":[{"href":"https:\/\/www.centralcarta.it\/de\/wp-json\/wp\/v2\/pages\/1607","targetHints":{"allow":["GET"]}}],"collection":[{"href":"https:\/\/www.centralcarta.it\/de\/wp-json\/wp\/v2\/pages"}],"about":[{"href":"https:\/\/www.centralcarta.it\/de\/wp-json\/wp\/v2\/types\/page"}],"author":[{"embeddable":true,"href":"https:\/\/www.centralcarta.it\/de\/wp-json\/wp\/v2\/users\/1"}],"replies":[{"embeddable":true,"href":"https:\/\/www.centralcarta.it\/de\/wp-json\/wp\/v2\/comments?post=1607"}],"version-history":[{"count":1,"href":"https:\/\/www.centralcarta.it\/de\/wp-json\/wp\/v2\/pages\/1607\/revisions"}],"predecessor-version":[{"id":1609,"href":"https:\/\/www.centralcarta.it\/de\/wp-json\/wp\/v2\/pages\/1607\/revisions\/1609"}],"wp:featuredmedia":[{"embeddable":true,"href":"https:\/\/www.centralcarta.it\/de\/wp-json\/wp\/v2\/media\/1608"}],"wp:attachment":[{"href":"https:\/\/www.centralcarta.it\/de\/wp-json\/wp\/v2\/media?parent=1607"}],"curies":[{"name":"wp","href":"https:\/\/api.w.org\/{rel}","templated":true}]}}