{"id":1573,"date":"2021-03-25T16:05:04","date_gmt":"2021-03-25T15:05:04","guid":{"rendered":"https:\/\/www.centralcarta.it\/mother-reel\/"},"modified":"2021-05-21T15:59:15","modified_gmt":"2021-05-21T13:59:15","slug":"mutterrolle","status":"publish","type":"page","link":"https:\/\/www.centralcarta.it\/de\/mutterrolle\/","title":{"rendered":"Mutterrolle"},"content":{"rendered":"<p><strong>ICF Industria Cartaria<\/strong> steht auf dem Markt f\u00fcr die T\u00e4tigkeit der <strong>Centralcarta Gruppe<\/strong> in der Rohstoffproduktion. Die Herstellung von Mutterrollen erm\u00f6glicht der Gruppe die Unterst\u00fctzung der nachfolgenden Produktion innerhalb einer gro\u00dfen technischen Bandbreite an Produkten.<\/p>\n<p>Die st\u00e4ndige Forschungst\u00e4tigkeit im Hinblick auf eine kennzeichnende Qualit\u00e4t des Endprodukts ist eine unverwechselbare Eigenschaft einer besonders flexiblen, etablierten Gruppe in der Papierindustrie.<\/p>\n<p>Dies erm\u00f6glicht es, sowohl aus industrieller als auch aus kommerzieller Sicht wichtige Vorteile zu erzielen.<\/p>\n","protected":false},"excerpt":{"rendered":"<p>ICF Industria Cartaria steht auf dem Markt f\u00fcr die T\u00e4tigkeit der Centralcarta Gruppe in der Rohstoffproduktion. Die Herstellung&#8230;<\/p>\n","protected":false},"author":1,"featured_media":1570,"parent":0,"menu_order":0,"comment_status":"closed","ping_status":"closed","template":"page-mother-reel.php","meta":{"_acf_changed":false,"footnotes":""},"class_list":["post-1573","page","type-page","status-publish","has-post-thumbnail","hentry"],"acf":{"photo_gallery":{"galleria":[[{"id":1575,"title":"g-cc-2","caption":"","full_image_url":"https:\/\/www.centralcarta.it\/wp-content\/uploads\/2021\/05\/g-cc-2-1.jpg","thumbnail_image_url":"https:\/\/www.centralcarta.it\/wp-content\/uploads\/2021\/05\/g-cc-2-1-150x150.jpg","large_srcset":"https:\/\/www.centralcarta.it\/wp-content\/uploads\/2021\/05\/g-cc-2-1-1024x576.jpg 1024w, https:\/\/www.centralcarta.it\/wp-content\/uploads\/2021\/05\/g-cc-2-1-622x350.jpg 622w, https:\/\/www.centralcarta.it\/wp-content\/uploads\/2021\/05\/g-cc-2-1-300x169.jpg 300w, https:\/\/www.centralcarta.it\/wp-content\/uploads\/2021\/05\/g-cc-2-1-768x432.jpg 768w, https:\/\/www.centralcarta.it\/wp-content\/uploads\/2021\/05\/g-cc-2-1.jpg 1440w","medium_srcset":"https:\/\/www.centralcarta.it\/wp-content\/uploads\/2021\/05\/g-cc-2-1-300x169.jpg 300w, https:\/\/www.centralcarta.it\/wp-content\/uploads\/2021\/05\/g-cc-2-1-622x350.jpg 622w, https:\/\/www.centralcarta.it\/wp-content\/uploads\/2021\/05\/g-cc-2-1-1024x576.jpg 1024w, https:\/\/www.centralcarta.it\/wp-content\/uploads\/2021\/05\/g-cc-2-1-768x432.jpg 768w, https:\/\/www.centralcarta.it\/wp-content\/uploads\/2021\/05\/g-cc-2-1.jpg 1440w","media_details":{"width":1440,"height":810,"sizes":{"woocommerce_thumbnail":{"file":"g-cc-2-1-376x376.jpg","width":376,"height":376,"mime-type":"image\/jpeg","filesize":40609,"uncropped":false,"source_url":"https:\/\/www.centralcarta.it\/wp-content\/uploads\/2021\/05\/g-cc-2-1-376x376.jpg"},"woocommerce_gallery_thumbnail":{"file":"g-cc-2-1-100x100.jpg","width":100,"height":100,"mime-type":"image\/jpeg","source_url":"https:\/\/www.centralcarta.it\/wp-content\/uploads\/2021\/05\/g-cc-2-1-100x100.jpg"},"woocommerce_single":{"file":"g-cc-2-1-622x350.jpg","width":622,"height":350,"mime-type":"image\/jpeg","source_url":"https:\/\/www.centralcarta.it\/wp-content\/uploads\/2021\/05\/g-cc-2-1-622x350.jpg"},"medium":{"file":"g-cc-2-1-300x169.jpg","width":300,"height":169,"mime-type":"image\/jpeg","source_url":"https:\/\/www.centralcarta.it\/wp-content\/uploads\/2021\/05\/g-cc-2-1-300x169.jpg"},"large":{"file":"g-cc-2-1-1024x576.jpg","width":1024,"height":576,"mime-type":"image\/jpeg","source_url":"https:\/\/www.centralcarta.it\/wp-content\/uploads\/2021\/05\/g-cc-2-1-1024x576.jpg"},"thumbnail":{"file":"g-cc-2-1-150x150.jpg","width":150,"height":150,"mime-type":"image\/jpeg","source_url":"https:\/\/www.centralcarta.it\/wp-content\/uploads\/2021\/05\/g-cc-2-1-150x150.jpg"},"medium_large":{"file":"g-cc-2-1-768x432.jpg","width":768,"height":432,"mime-type":"image\/jpeg","source_url":"https:\/\/www.centralcarta.it\/wp-content\/uploads\/2021\/05\/g-cc-2-1-768x432.jpg"}}},"alt_text":"","url":"","target":""},{"id":1579,"title":"g-cc-3","caption":"","full_image_url":"https:\/\/www.centralcarta.it\/wp-content\/uploads\/2021\/05\/g-cc-3-1.jpg","thumbnail_image_url":"https:\/\/www.centralcarta.it\/wp-content\/uploads\/2021\/05\/g-cc-3-1-150x150.jpg","large_srcset":"https:\/\/www.centralcarta.it\/wp-content\/uploads\/2021\/05\/g-cc-3-1-1024x576.jpg 1024w, https:\/\/www.centralcarta.it\/wp-content\/uploads\/2021\/05\/g-cc-3-1-622x350.jpg 622w, https:\/\/www.centralcarta.it\/wp-content\/uploads\/2021\/05\/g-cc-3-1-300x169.jpg 300w, https:\/\/www.centralcarta.it\/wp-content\/uploads\/2021\/05\/g-cc-3-1-768x432.jpg 768w, https:\/\/www.centralcarta.it\/wp-content\/uploads\/2021\/05\/g-cc-3-1.jpg 1440w","medium_srcset":"https:\/\/www.centralcarta.it\/wp-content\/uploads\/2021\/05\/g-cc-3-1-300x169.jpg 300w, https:\/\/www.centralcarta.it\/wp-content\/uploads\/2021\/05\/g-cc-3-1-622x350.jpg 622w, https:\/\/www.centralcarta.it\/wp-content\/uploads\/2021\/05\/g-cc-3-1-1024x576.jpg 1024w, https:\/\/www.centralcarta.it\/wp-content\/uploads\/2021\/05\/g-cc-3-1-768x432.jpg 768w, https:\/\/www.centralcarta.it\/wp-content\/uploads\/2021\/05\/g-cc-3-1.jpg 1440w","media_details":{"width":1440,"height":810,"sizes":{"woocommerce_thumbnail":{"file":"g-cc-3-1-376x376.jpg","width":376,"height":376,"mime-type":"image\/jpeg","filesize":30230,"uncropped":false,"source_url":"https:\/\/www.centralcarta.it\/wp-content\/uploads\/2021\/05\/g-cc-3-1-376x376.jpg"},"woocommerce_gallery_thumbnail":{"file":"g-cc-3-1-100x100.jpg","width":100,"height":100,"mime-type":"image\/jpeg","source_url":"https:\/\/www.centralcarta.it\/wp-content\/uploads\/2021\/05\/g-cc-3-1-100x100.jpg"},"woocommerce_single":{"file":"g-cc-3-1-622x350.jpg","width":622,"height":350,"mime-type":"image\/jpeg","source_url":"https:\/\/www.centralcarta.it\/wp-content\/uploads\/2021\/05\/g-cc-3-1-622x350.jpg"},"medium":{"file":"g-cc-3-1-300x169.jpg","width":300,"height":169,"mime-type":"image\/jpeg","source_url":"https:\/\/www.centralcarta.it\/wp-content\/uploads\/2021\/05\/g-cc-3-1-300x169.jpg"},"large":{"file":"g-cc-3-1-1024x576.jpg","width":1024,"height":576,"mime-type":"image\/jpeg","source_url":"https:\/\/www.centralcarta.it\/wp-content\/uploads\/2021\/05\/g-cc-3-1-1024x576.jpg"},"thumbnail":{"file":"g-cc-3-1-150x150.jpg","width":150,"height":150,"mime-type":"image\/jpeg","source_url":"https:\/\/www.centralcarta.it\/wp-content\/uploads\/2021\/05\/g-cc-3-1-150x150.jpg"},"medium_large":{"file":"g-cc-3-1-768x432.jpg","width":768,"height":432,"mime-type":"image\/jpeg","source_url":"https:\/\/www.centralcarta.it\/wp-content\/uploads\/2021\/05\/g-cc-3-1-768x432.jpg"}}},"alt_text":"","url":"","target":""},{"id":1583,"title":"g-cc-4","caption":"","full_image_url":"https:\/\/www.centralcarta.it\/wp-content\/uploads\/2021\/05\/g-cc-4-1.jpg","thumbnail_image_url":"https:\/\/www.centralcarta.it\/wp-content\/uploads\/2021\/05\/g-cc-4-1-150x150.jpg","large_srcset":"https:\/\/www.centralcarta.it\/wp-content\/uploads\/2021\/05\/g-cc-4-1-1024x576.jpg 1024w, https:\/\/www.centralcarta.it\/wp-content\/uploads\/2021\/05\/g-cc-4-1-622x350.jpg 622w, https:\/\/www.centralcarta.it\/wp-content\/uploads\/2021\/05\/g-cc-4-1-300x169.jpg 300w, https:\/\/www.centralcarta.it\/wp-content\/uploads\/2021\/05\/g-cc-4-1-768x432.jpg 768w, https:\/\/www.centralcarta.it\/wp-content\/uploads\/2021\/05\/g-cc-4-1.jpg 1440w","medium_srcset":"https:\/\/www.centralcarta.it\/wp-content\/uploads\/2021\/05\/g-cc-4-1-300x169.jpg 300w, https:\/\/www.centralcarta.it\/wp-content\/uploads\/2021\/05\/g-cc-4-1-622x350.jpg 622w, https:\/\/www.centralcarta.it\/wp-content\/uploads\/2021\/05\/g-cc-4-1-1024x576.jpg 1024w, https:\/\/www.centralcarta.it\/wp-content\/uploads\/2021\/05\/g-cc-4-1-768x432.jpg 768w, https:\/\/www.centralcarta.it\/wp-content\/uploads\/2021\/05\/g-cc-4-1.jpg 1440w","media_details":{"width":1440,"height":810,"sizes":{"woocommerce_thumbnail":{"file":"g-cc-4-1-376x376.jpg","width":376,"height":376,"mime-type":"image\/jpeg","filesize":23470,"uncropped":false,"source_url":"https:\/\/www.centralcarta.it\/wp-content\/uploads\/2021\/05\/g-cc-4-1-376x376.jpg"},"woocommerce_gallery_thumbnail":{"file":"g-cc-4-1-100x100.jpg","width":100,"height":100,"mime-type":"image\/jpeg","source_url":"https:\/\/www.centralcarta.it\/wp-content\/uploads\/2021\/05\/g-cc-4-1-100x100.jpg"},"woocommerce_single":{"file":"g-cc-4-1-622x350.jpg","width":622,"height":350,"mime-type":"image\/jpeg","source_url":"https:\/\/www.centralcarta.it\/wp-content\/uploads\/2021\/05\/g-cc-4-1-622x350.jpg"},"medium":{"file":"g-cc-4-1-300x169.jpg","width":300,"height":169,"mime-type":"image\/jpeg","source_url":"https:\/\/www.centralcarta.it\/wp-content\/uploads\/2021\/05\/g-cc-4-1-300x169.jpg"},"large":{"file":"g-cc-4-1-1024x576.jpg","width":1024,"height":576,"mime-type":"image\/jpeg","source_url":"https:\/\/www.centralcarta.it\/wp-content\/uploads\/2021\/05\/g-cc-4-1-1024x576.jpg"},"thumbnail":{"file":"g-cc-4-1-150x150.jpg","width":150,"height":150,"mime-type":"image\/jpeg","source_url":"https:\/\/www.centralcarta.it\/wp-content\/uploads\/2021\/05\/g-cc-4-1-150x150.jpg"},"medium_large":{"file":"g-cc-4-1-768x432.jpg","width":768,"height":432,"mime-type":"image\/jpeg","source_url":"https:\/\/www.centralcarta.it\/wp-content\/uploads\/2021\/05\/g-cc-4-1-768x432.jpg"}}},"alt_text":"","url":"","target":""},{"id":1587,"title":"g-cc-5","caption":"","full_image_url":"https:\/\/www.centralcarta.it\/wp-content\/uploads\/2021\/05\/g-cc-5-1.jpg","thumbnail_image_url":"https:\/\/www.centralcarta.it\/wp-content\/uploads\/2021\/05\/g-cc-5-1-150x150.jpg","large_srcset":"https:\/\/www.centralcarta.it\/wp-content\/uploads\/2021\/05\/g-cc-5-1-1024x576.jpg 1024w, https:\/\/www.centralcarta.it\/wp-content\/uploads\/2021\/05\/g-cc-5-1-622x350.jpg 622w, https:\/\/www.centralcarta.it\/wp-content\/uploads\/2021\/05\/g-cc-5-1-300x169.jpg 300w, https:\/\/www.centralcarta.it\/wp-content\/uploads\/2021\/05\/g-cc-5-1-768x432.jpg 768w, https:\/\/www.centralcarta.it\/wp-content\/uploads\/2021\/05\/g-cc-5-1.jpg 1440w","medium_srcset":"https:\/\/www.centralcarta.it\/wp-content\/uploads\/2021\/05\/g-cc-5-1-300x169.jpg 300w, https:\/\/www.centralcarta.it\/wp-content\/uploads\/2021\/05\/g-cc-5-1-622x350.jpg 622w, https:\/\/www.centralcarta.it\/wp-content\/uploads\/2021\/05\/g-cc-5-1-1024x576.jpg 1024w, https:\/\/www.centralcarta.it\/wp-content\/uploads\/2021\/05\/g-cc-5-1-768x432.jpg 768w, https:\/\/www.centralcarta.it\/wp-content\/uploads\/2021\/05\/g-cc-5-1.jpg 1440w","media_details":{"width":1440,"height":810,"sizes":{"woocommerce_thumbnail":{"file":"g-cc-5-1-376x376.jpg","width":376,"height":376,"mime-type":"image\/jpeg","filesize":28983,"uncropped":false,"source_url":"https:\/\/www.centralcarta.it\/wp-content\/uploads\/2021\/05\/g-cc-5-1-376x376.jpg"},"woocommerce_gallery_thumbnail":{"file":"g-cc-5-1-100x100.jpg","width":100,"height":100,"mime-type":"image\/jpeg","source_url":"https:\/\/www.centralcarta.it\/wp-content\/uploads\/2021\/05\/g-cc-5-1-100x100.jpg"},"woocommerce_single":{"file":"g-cc-5-1-622x350.jpg","width":622,"height":350,"mime-type":"image\/jpeg","source_url":"https:\/\/www.centralcarta.it\/wp-content\/uploads\/2021\/05\/g-cc-5-1-622x350.jpg"},"medium":{"file":"g-cc-5-1-300x169.jpg","width":300,"height":169,"mime-type":"image\/jpeg","source_url":"https:\/\/www.centralcarta.it\/wp-content\/uploads\/2021\/05\/g-cc-5-1-300x169.jpg"},"large":{"file":"g-cc-5-1-1024x576.jpg","width":1024,"height":576,"mime-type":"image\/jpeg","source_url":"https:\/\/www.centralcarta.it\/wp-content\/uploads\/2021\/05\/g-cc-5-1-1024x576.jpg"},"thumbnail":{"file":"g-cc-5-1-150x150.jpg","width":150,"height":150,"mime-type":"image\/jpeg","source_url":"https:\/\/www.centralcarta.it\/wp-content\/uploads\/2021\/05\/g-cc-5-1-150x150.jpg"},"medium_large":{"file":"g-cc-5-1-768x432.jpg","width":768,"height":432,"mime-type":"image\/jpeg","source_url":"https:\/\/www.centralcarta.it\/wp-content\/uploads\/2021\/05\/g-cc-5-1-768x432.jpg"}}},"alt_text":"","url":"","target":""},{"id":1591,"title":"g-cc-6","caption":"","full_image_url":"https:\/\/www.centralcarta.it\/wp-content\/uploads\/2021\/05\/g-cc-6-1.jpg","thumbnail_image_url":"https:\/\/www.centralcarta.it\/wp-content\/uploads\/2021\/05\/g-cc-6-1-150x150.jpg","large_srcset":"https:\/\/www.centralcarta.it\/wp-content\/uploads\/2021\/05\/g-cc-6-1-1024x576.jpg 1024w, https:\/\/www.centralcarta.it\/wp-content\/uploads\/2021\/05\/g-cc-6-1-622x350.jpg 622w, https:\/\/www.centralcarta.it\/wp-content\/uploads\/2021\/05\/g-cc-6-1-300x169.jpg 300w, https:\/\/www.centralcarta.it\/wp-content\/uploads\/2021\/05\/g-cc-6-1-768x432.jpg 768w, https:\/\/www.centralcarta.it\/wp-content\/uploads\/2021\/05\/g-cc-6-1.jpg 1440w","medium_srcset":"https:\/\/www.centralcarta.it\/wp-content\/uploads\/2021\/05\/g-cc-6-1-300x169.jpg 300w, https:\/\/www.centralcarta.it\/wp-content\/uploads\/2021\/05\/g-cc-6-1-622x350.jpg 622w, https:\/\/www.centralcarta.it\/wp-content\/uploads\/2021\/05\/g-cc-6-1-1024x576.jpg 1024w, https:\/\/www.centralcarta.it\/wp-content\/uploads\/2021\/05\/g-cc-6-1-768x432.jpg 768w, https:\/\/www.centralcarta.it\/wp-content\/uploads\/2021\/05\/g-cc-6-1.jpg 1440w","media_details":{"width":1440,"height":810,"sizes":{"woocommerce_thumbnail":{"file":"g-cc-6-1-376x376.jpg","width":376,"height":376,"mime-type":"image\/jpeg","filesize":30023,"uncropped":false,"source_url":"https:\/\/www.centralcarta.it\/wp-content\/uploads\/2021\/05\/g-cc-6-1-376x376.jpg"},"woocommerce_gallery_thumbnail":{"file":"g-cc-6-1-100x100.jpg","width":100,"height":100,"mime-type":"image\/jpeg","source_url":"https:\/\/www.centralcarta.it\/wp-content\/uploads\/2021\/05\/g-cc-6-1-100x100.jpg"},"woocommerce_single":{"file":"g-cc-6-1-622x350.jpg","width":622,"height":350,"mime-type":"image\/jpeg","source_url":"https:\/\/www.centralcarta.it\/wp-content\/uploads\/2021\/05\/g-cc-6-1-622x350.jpg"},"medium":{"file":"g-cc-6-1-300x169.jpg","width":300,"height":169,"mime-type":"image\/jpeg","source_url":"https:\/\/www.centralcarta.it\/wp-content\/uploads\/2021\/05\/g-cc-6-1-300x169.jpg"},"large":{"file":"g-cc-6-1-1024x576.jpg","width":1024,"height":576,"mime-type":"image\/jpeg","source_url":"https:\/\/www.centralcarta.it\/wp-content\/uploads\/2021\/05\/g-cc-6-1-1024x576.jpg"},"thumbnail":{"file":"g-cc-6-1-150x150.jpg","width":150,"height":150,"mime-type":"image\/jpeg","source_url":"https:\/\/www.centralcarta.it\/wp-content\/uploads\/2021\/05\/g-cc-6-1-150x150.jpg"},"medium_large":{"file":"g-cc-6-1-768x432.jpg","width":768,"height":432,"mime-type":"image\/jpeg","source_url":"https:\/\/www.centralcarta.it\/wp-content\/uploads\/2021\/05\/g-cc-6-1-768x432.jpg"}}},"alt_text":"","url":"","target":""},{"id":1595,"title":"g-cc-7","caption":"","full_image_url":"https:\/\/www.centralcarta.it\/wp-content\/uploads\/2021\/05\/g-cc-7-1.jpg","thumbnail_image_url":"https:\/\/www.centralcarta.it\/wp-content\/uploads\/2021\/05\/g-cc-7-1-150x150.jpg","large_srcset":"https:\/\/www.centralcarta.it\/wp-content\/uploads\/2021\/05\/g-cc-7-1-1024x576.jpg 1024w, https:\/\/www.centralcarta.it\/wp-content\/uploads\/2021\/05\/g-cc-7-1-622x350.jpg 622w, https:\/\/www.centralcarta.it\/wp-content\/uploads\/2021\/05\/g-cc-7-1-300x169.jpg 300w, https:\/\/www.centralcarta.it\/wp-content\/uploads\/2021\/05\/g-cc-7-1-768x432.jpg 768w, https:\/\/www.centralcarta.it\/wp-content\/uploads\/2021\/05\/g-cc-7-1.jpg 1440w","medium_srcset":"https:\/\/www.centralcarta.it\/wp-content\/uploads\/2021\/05\/g-cc-7-1-300x169.jpg 300w, https:\/\/www.centralcarta.it\/wp-content\/uploads\/2021\/05\/g-cc-7-1-622x350.jpg 622w, https:\/\/www.centralcarta.it\/wp-content\/uploads\/2021\/05\/g-cc-7-1-1024x576.jpg 1024w, https:\/\/www.centralcarta.it\/wp-content\/uploads\/2021\/05\/g-cc-7-1-768x432.jpg 768w, https:\/\/www.centralcarta.it\/wp-content\/uploads\/2021\/05\/g-cc-7-1.jpg 1440w","media_details":{"width":1440,"height":810,"sizes":{"woocommerce_thumbnail":{"file":"g-cc-7-1-376x376.jpg","width":376,"height":376,"mime-type":"image\/jpeg","filesize":32587,"uncropped":false,"source_url":"https:\/\/www.centralcarta.it\/wp-content\/uploads\/2021\/05\/g-cc-7-1-376x376.jpg"},"woocommerce_gallery_thumbnail":{"file":"g-cc-7-1-100x100.jpg","width":100,"height":100,"mime-type":"image\/jpeg","source_url":"https:\/\/www.centralcarta.it\/wp-content\/uploads\/2021\/05\/g-cc-7-1-100x100.jpg"},"woocommerce_single":{"file":"g-cc-7-1-622x350.jpg","width":622,"height":350,"mime-type":"image\/jpeg","source_url":"https:\/\/www.centralcarta.it\/wp-content\/uploads\/2021\/05\/g-cc-7-1-622x350.jpg"},"medium":{"file":"g-cc-7-1-300x169.jpg","width":300,"height":169,"mime-type":"image\/jpeg","source_url":"https:\/\/www.centralcarta.it\/wp-content\/uploads\/2021\/05\/g-cc-7-1-300x169.jpg"},"large":{"file":"g-cc-7-1-1024x576.jpg","width":1024,"height":576,"mime-type":"image\/jpeg","source_url":"https:\/\/www.centralcarta.it\/wp-content\/uploads\/2021\/05\/g-cc-7-1-1024x576.jpg"},"thumbnail":{"file":"g-cc-7-1-150x150.jpg","width":150,"height":150,"mime-type":"image\/jpeg","source_url":"https:\/\/www.centralcarta.it\/wp-content\/uploads\/2021\/05\/g-cc-7-1-150x150.jpg"},"medium_large":{"file":"g-cc-7-1-768x432.jpg","width":768,"height":432,"mime-type":"image\/jpeg","source_url":"https:\/\/www.centralcarta.it\/wp-content\/uploads\/2021\/05\/g-cc-7-1-768x432.jpg"}}},"alt_text":"","url":"","target":""},{"id":1599,"title":"g-cc-8","caption":"","full_image_url":"https:\/\/www.centralcarta.it\/wp-content\/uploads\/2021\/05\/g-cc-8-1.jpg","thumbnail_image_url":"https:\/\/www.centralcarta.it\/wp-content\/uploads\/2021\/05\/g-cc-8-1-150x150.jpg","large_srcset":"https:\/\/www.centralcarta.it\/wp-content\/uploads\/2021\/05\/g-cc-8-1-1024x576.jpg 1024w, https:\/\/www.centralcarta.it\/wp-content\/uploads\/2021\/05\/g-cc-8-1-622x350.jpg 622w, https:\/\/www.centralcarta.it\/wp-content\/uploads\/2021\/05\/g-cc-8-1-300x169.jpg 300w, https:\/\/www.centralcarta.it\/wp-content\/uploads\/2021\/05\/g-cc-8-1-768x432.jpg 768w, https:\/\/www.centralcarta.it\/wp-content\/uploads\/2021\/05\/g-cc-8-1.jpg 1440w","medium_srcset":"https:\/\/www.centralcarta.it\/wp-content\/uploads\/2021\/05\/g-cc-8-1-300x169.jpg 300w, https:\/\/www.centralcarta.it\/wp-content\/uploads\/2021\/05\/g-cc-8-1-622x350.jpg 622w, https:\/\/www.centralcarta.it\/wp-content\/uploads\/2021\/05\/g-cc-8-1-1024x576.jpg 1024w, https:\/\/www.centralcarta.it\/wp-content\/uploads\/2021\/05\/g-cc-8-1-768x432.jpg 768w, https:\/\/www.centralcarta.it\/wp-content\/uploads\/2021\/05\/g-cc-8-1.jpg 1440w","media_details":{"width":1440,"height":810,"sizes":{"woocommerce_thumbnail":{"file":"g-cc-8-1-376x376.jpg","width":376,"height":376,"mime-type":"image\/jpeg","filesize":22452,"uncropped":false,"source_url":"https:\/\/www.centralcarta.it\/wp-content\/uploads\/2021\/05\/g-cc-8-1-376x376.jpg"},"woocommerce_gallery_thumbnail":{"file":"g-cc-8-1-100x100.jpg","width":100,"height":100,"mime-type":"image\/jpeg","source_url":"https:\/\/www.centralcarta.it\/wp-content\/uploads\/2021\/05\/g-cc-8-1-100x100.jpg"},"woocommerce_single":{"file":"g-cc-8-1-622x350.jpg","width":622,"height":350,"mime-type":"image\/jpeg","source_url":"https:\/\/www.centralcarta.it\/wp-content\/uploads\/2021\/05\/g-cc-8-1-622x350.jpg"},"medium":{"file":"g-cc-8-1-300x169.jpg","width":300,"height":169,"mime-type":"image\/jpeg","source_url":"https:\/\/www.centralcarta.it\/wp-content\/uploads\/2021\/05\/g-cc-8-1-300x169.jpg"},"large":{"file":"g-cc-8-1-1024x576.jpg","width":1024,"height":576,"mime-type":"image\/jpeg","source_url":"https:\/\/www.centralcarta.it\/wp-content\/uploads\/2021\/05\/g-cc-8-1-1024x576.jpg"},"thumbnail":{"file":"g-cc-8-1-150x150.jpg","width":150,"height":150,"mime-type":"image\/jpeg","source_url":"https:\/\/www.centralcarta.it\/wp-content\/uploads\/2021\/05\/g-cc-8-1-150x150.jpg"},"medium_large":{"file":"g-cc-8-1-768x432.jpg","width":768,"height":432,"mime-type":"image\/jpeg","source_url":"https:\/\/www.centralcarta.it\/wp-content\/uploads\/2021\/05\/g-cc-8-1-768x432.jpg"}}},"alt_text":"","url":"","target":""},{"id":1603,"title":"g-cc-9","caption":"","full_image_url":"https:\/\/www.centralcarta.it\/wp-content\/uploads\/2021\/05\/g-cc-9-1.jpg","thumbnail_image_url":"https:\/\/www.centralcarta.it\/wp-content\/uploads\/2021\/05\/g-cc-9-1-150x150.jpg","large_srcset":"https:\/\/www.centralcarta.it\/wp-content\/uploads\/2021\/05\/g-cc-9-1-1024x576.jpg 1024w, https:\/\/www.centralcarta.it\/wp-content\/uploads\/2021\/05\/g-cc-9-1-622x350.jpg 622w, https:\/\/www.centralcarta.it\/wp-content\/uploads\/2021\/05\/g-cc-9-1-300x169.jpg 300w, https:\/\/www.centralcarta.it\/wp-content\/uploads\/2021\/05\/g-cc-9-1-768x432.jpg 768w, https:\/\/www.centralcarta.it\/wp-content\/uploads\/2021\/05\/g-cc-9-1.jpg 1440w","medium_srcset":"https:\/\/www.centralcarta.it\/wp-content\/uploads\/2021\/05\/g-cc-9-1-300x169.jpg 300w, https:\/\/www.centralcarta.it\/wp-content\/uploads\/2021\/05\/g-cc-9-1-622x350.jpg 622w, https:\/\/www.centralcarta.it\/wp-content\/uploads\/2021\/05\/g-cc-9-1-1024x576.jpg 1024w, https:\/\/www.centralcarta.it\/wp-content\/uploads\/2021\/05\/g-cc-9-1-768x432.jpg 768w, https:\/\/www.centralcarta.it\/wp-content\/uploads\/2021\/05\/g-cc-9-1.jpg 1440w","media_details":{"width":1440,"height":810,"sizes":{"woocommerce_thumbnail":{"file":"g-cc-9-1-376x376.jpg","width":376,"height":376,"mime-type":"image\/jpeg","filesize":13316,"uncropped":false,"source_url":"https:\/\/www.centralcarta.it\/wp-content\/uploads\/2021\/05\/g-cc-9-1-376x376.jpg"},"woocommerce_gallery_thumbnail":{"file":"g-cc-9-1-100x100.jpg","width":100,"height":100,"mime-type":"image\/jpeg","source_url":"https:\/\/www.centralcarta.it\/wp-content\/uploads\/2021\/05\/g-cc-9-1-100x100.jpg"},"woocommerce_single":{"file":"g-cc-9-1-622x350.jpg","width":622,"height":350,"mime-type":"image\/jpeg","source_url":"https:\/\/www.centralcarta.it\/wp-content\/uploads\/2021\/05\/g-cc-9-1-622x350.jpg"},"medium":{"file":"g-cc-9-1-300x169.jpg","width":300,"height":169,"mime-type":"image\/jpeg","source_url":"https:\/\/www.centralcarta.it\/wp-content\/uploads\/2021\/05\/g-cc-9-1-300x169.jpg"},"large":{"file":"g-cc-9-1-1024x576.jpg","width":1024,"height":576,"mime-type":"image\/jpeg","source_url":"https:\/\/www.centralcarta.it\/wp-content\/uploads\/2021\/05\/g-cc-9-1-1024x576.jpg"},"thumbnail":{"file":"g-cc-9-1-150x150.jpg","width":150,"height":150,"mime-type":"image\/jpeg","source_url":"https:\/\/www.centralcarta.it\/wp-content\/uploads\/2021\/05\/g-cc-9-1-150x150.jpg"},"medium_large":{"file":"g-cc-9-1-768x432.jpg","width":768,"height":432,"mime-type":"image\/jpeg","source_url":"https:\/\/www.centralcarta.it\/wp-content\/uploads\/2021\/05\/g-cc-9-1-768x432.jpg"}}},"alt_text":"","url":"","target":""}]]}},"aioseo_notices":[],"_links":{"self":[{"href":"https:\/\/www.centralcarta.it\/de\/wp-json\/wp\/v2\/pages\/1573","targetHints":{"allow":["GET"]}}],"collection":[{"href":"https:\/\/www.centralcarta.it\/de\/wp-json\/wp\/v2\/pages"}],"about":[{"href":"https:\/\/www.centralcarta.it\/de\/wp-json\/wp\/v2\/types\/page"}],"author":[{"embeddable":true,"href":"https:\/\/www.centralcarta.it\/de\/wp-json\/wp\/v2\/users\/1"}],"replies":[{"embeddable":true,"href":"https:\/\/www.centralcarta.it\/de\/wp-json\/wp\/v2\/comments?post=1573"}],"version-history":[{"count":1,"href":"https:\/\/www.centralcarta.it\/de\/wp-json\/wp\/v2\/pages\/1573\/revisions"}],"predecessor-version":[{"id":1574,"href":"https:\/\/www.centralcarta.it\/de\/wp-json\/wp\/v2\/pages\/1573\/revisions\/1574"}],"wp:featuredmedia":[{"embeddable":true,"href":"https:\/\/www.centralcarta.it\/de\/wp-json\/wp\/v2\/media\/1570"}],"wp:attachment":[{"href":"https:\/\/www.centralcarta.it\/de\/wp-json\/wp\/v2\/media?parent=1573"}],"curies":[{"name":"wp","href":"https:\/\/api.w.org\/{rel}","templated":true}]}}