{"id":1552,"date":"2021-03-25T16:04:53","date_gmt":"2021-03-25T15:04:53","guid":{"rendered":"https:\/\/www.centralcarta.it\/il-gruppo\/"},"modified":"2021-09-06T15:02:05","modified_gmt":"2021-09-06T13:02:05","slug":"die-gruppe","status":"publish","type":"page","link":"https:\/\/www.centralcarta.it\/de\/die-gruppe\/","title":{"rendered":"Ein Familienunternehmen \u2013 mit Leidenschaft f\u00fcr den Zellstoff"},"content":{"rendered":"<p><strong>Centralcarta<\/strong> wurde 1990 als Verarbeitungsunternehmen gegr\u00fcndet und hat seine Vision im Laufe der Zeit auf die Prozessintegration ausgerichtet.<\/p>\n<p>Durch die \u00dcbernahme von ICF Industria Cartaria, einem geschichtstr\u00e4chtigen Produktionsbetrieb im Bezirk von Lucca, kann <strong>Centralcarta<\/strong> 2015 auf integrierte und unabh\u00e4ngige Weise auf dem Markt agieren.<\/p>\n<p>Heute kann die Centralcarta Gruppe auf Produktionsst\u00e4tten und industrielle Infrastrukturen z\u00e4hlen, die sich \u00fcber eine Gesamtfl\u00e4che von 60.000 m2 erstrecken, von denen 30.000 m2 \u00fcberdacht sind.<\/p>\n<p><strong>Centralcarta<\/strong> ist ein Familienunternehmen, in dem heute die zweite Generation am Ruder steht, die dieselben Werte wie vor drei\u00dfig Jahren bewahrt: eine bemerkenswerte Leidenschaft f\u00fcr technologische Innovation und einen unbezwingbaren Unternehmergeist.<\/p>\n<p>Die Synergie dieser Eigenschaften hat es dem Unternehmen und der gesamten Belegschaft erm\u00f6glicht, sich auf eine Prozessoptimierung, den Erwerb und die Konsolidierung eines gro\u00dfen technischen Know-how hin zu orientieren<\/p>\n<p>Die Leidenschaft f\u00fcr seine Arbeit und f\u00fcr die Qualit\u00e4t hat das Unternehmen dazu veranlasst, strenge Protokolle anzuwenden und einzuhalten, mit denen es den Produktionsprozess vom Rohstoff bis hin zum Endprodukt \u00fcberwachen kann.<\/p>\n","protected":false},"excerpt":{"rendered":"<p>Centralcarta wurde 1990 als Verarbeitungsunternehmen gegr\u00fcndet und hat seine Vision im Laufe der Zeit auf die Prozessintegration ausgerichtet&#8230;.<\/p>\n","protected":false},"author":1,"featured_media":1554,"parent":0,"menu_order":0,"comment_status":"closed","ping_status":"closed","template":"page-il-gruppo.php","meta":{"_acf_changed":false,"footnotes":""},"class_list":["post-1552","page","type-page","status-publish","has-post-thumbnail","hentry"],"acf":[],"aioseo_notices":[],"_links":{"self":[{"href":"https:\/\/www.centralcarta.it\/de\/wp-json\/wp\/v2\/pages\/1552","targetHints":{"allow":["GET"]}}],"collection":[{"href":"https:\/\/www.centralcarta.it\/de\/wp-json\/wp\/v2\/pages"}],"about":[{"href":"https:\/\/www.centralcarta.it\/de\/wp-json\/wp\/v2\/types\/page"}],"author":[{"embeddable":true,"href":"https:\/\/www.centralcarta.it\/de\/wp-json\/wp\/v2\/users\/1"}],"replies":[{"embeddable":true,"href":"https:\/\/www.centralcarta.it\/de\/wp-json\/wp\/v2\/comments?post=1552"}],"version-history":[{"count":9,"href":"https:\/\/www.centralcarta.it\/de\/wp-json\/wp\/v2\/pages\/1552\/revisions"}],"predecessor-version":[{"id":3211,"href":"https:\/\/www.centralcarta.it\/de\/wp-json\/wp\/v2\/pages\/1552\/revisions\/3211"}],"wp:featuredmedia":[{"embeddable":true,"href":"https:\/\/www.centralcarta.it\/de\/wp-json\/wp\/v2\/media\/1554"}],"wp:attachment":[{"href":"https:\/\/www.centralcarta.it\/de\/wp-json\/wp\/v2\/media?parent=1552"}],"curies":[{"name":"wp","href":"https:\/\/api.w.org\/{rel}","templated":true}]}}